{"id":4817,"date":"2021-06-16T12:04:26","date_gmt":"2021-06-16T10:04:26","guid":{"rendered":"https:\/\/www.smoothstar.com\/?post_type=product&#038;p=4817"},"modified":"2025-12-03T11:49:55","modified_gmt":"2025-12-03T10:49:55","slug":"26%e2%80%b3-mini-grom-cuttlefish-2","status":"publish","type":"product","link":"https:\/\/www.smoothstar.com\/de\/produkt\/26%e2%80%b3-mini-grom-cuttlefish-2\/","title":{"rendered":"26\u2033 Mini Grom - Cuttlefish"},"content":{"rendered":"","protected":false},"excerpt":{"rendered":"<h3>Ist dieser SmoothStar das Richtige f\u00fcr mich?<\/h3>\n<p>Das 26\"-Mini-Grom-Modell wurde speziell f\u00fcr Kinder zwischen 3 und 8 Jahren entwickelt und ist der ideale Weg f\u00fcr Eltern, ihren Kindern das Surfen in einer spa\u00dfigen, kontrollierten und landgebundenen Umgebung n\u00e4her zu bringen. Es ist das Einstiegsmodell f\u00fcr die Entwicklung des Surfens bei jungen Kindern.<\/p>\n<p>Dies ist das Hammerhead-Modell und es gibt ein weiteres \u00e4hnliches Modell mit anderen Grafiken, das 26\"\" Hammerhead. <a href=\"https:\/\/www.smoothstar.com\/de\/produkt\/26%e2%80%b3-mini-grom-hammerhead-2\/\">26\" Hammerhead<\/a>.<\/p>","protected":false},"featured_media":4633,"template":"","meta":{"_acf_changed":false},"product_brand":[],"product_cat":[46,17],"product_tag":[],"class_list":{"0":"post-4817","1":"product","2":"type-product","3":"status-publish","4":"has-post-thumbnail","6":"product_cat-26-mini-grom","7":"product_cat-complete-smoothstars","8":"product_shipping_class-courier-service","10":"first","11":"outofstock","12":"taxable","13":"shipping-taxable","14":"purchasable","15":"product-type-simple"},"acf":[],"yoast_head":"<!-- This site is optimized with the Yoast SEO plugin v27.0 - https:\/\/yoast.com\/product\/yoast-seo-wordpress\/ -->\n<title>26&quot; Mini Grom Cuttlefish SmoothStar surfskate surf trainer. Europe<\/title>\n<meta name=\"description\" content=\"The 26&quot; Mini Grom Cuttlefish surfskate surf trainer is specifically designed for children between 3 to 8 years of age. The 26\u201d Mini Grom is perfect for kids.\" \/>\n<meta name=\"robots\" content=\"index, follow, max-snippet:-1, max-image-preview:large, max-video-preview:-1\" \/>\n<link rel=\"canonical\" href=\"https:\/\/www.smoothstar.com\/de\/produkt\/26\u2033-mini-grom-cuttlefish-2\/\" \/>\n<meta property=\"og:locale\" content=\"de_DE\" \/>\n<meta property=\"og:type\" content=\"article\" \/>\n<meta property=\"og:title\" content=\"26&quot; Mini Grom Cuttlefish SmoothStar surfskate surf trainer. Europe\" \/>\n<meta property=\"og:description\" content=\"The 26&quot; Mini Grom Cuttlefish surfskate surf trainer is specifically designed for children between 3 to 8 years of age. The 26\u201d Mini Grom is perfect for kids.\" \/>\n<meta property=\"og:url\" content=\"https:\/\/www.smoothstar.com\/de\/produkt\/26\u2033-mini-grom-cuttlefish-2\/\" \/>\n<meta property=\"og:site_name\" content=\"SmoothStar Europe\" \/>\n<meta property=\"article:publisher\" content=\"https:\/\/www.facebook.com\/smoothstarskate\/\" \/>\n<meta property=\"article:modified_time\" content=\"2025-12-03T10:49:55+00:00\" \/>\n<meta property=\"og:image\" content=\"https:\/\/www.smoothstar.com\/wp-content\/uploads\/2021\/06\/smoothstar_surfskate_surf_trainer_26_mingrom_complete_side_all_view_LR.jpeg\" \/>\n\t<meta property=\"og:image:width\" content=\"1600\" \/>\n\t<meta property=\"og:image:height\" content=\"1600\" \/>\n\t<meta property=\"og:image:type\" content=\"image\/jpeg\" \/>\n<meta name=\"twitter:card\" content=\"summary_large_image\" \/>\n<meta name=\"twitter:title\" content=\"26&quot; Mini Grom Cuttlefish SmoothStar surfskate surf trainer. Europe\" \/>\n<meta name=\"twitter:description\" content=\"The 26&quot; Mini Grom Cuttlefish surfskate surf trainer is specifically designed for children between 3 to 8 years of age. The 26\u201d Mini Grom is perfect for kids.\" \/>\n<meta name=\"twitter:image\" content=\"https:\/\/www.smoothstar.com\/wp-content\/uploads\/2021\/06\/smoothstar_surfskate_surf_trainer_26_mingrom_complete_side_all_view_LR.jpeg\" \/>\n<meta name=\"twitter:label1\" content=\"Gesch\u00e4tzte Lesezeit\" \/>\n\t<meta name=\"twitter:data1\" content=\"3\u00a0Minuten\" \/>\n<script type=\"application\/ld+json\" class=\"yoast-schema-graph\">{\"@context\":\"https:\/\/schema.org\",\"@graph\":[{\"@type\":\"WebPage\",\"@id\":\"https:\/\/www.smoothstar.com\/product\/26%e2%80%b3-mini-grom-cuttlefish-2\/\",\"url\":\"https:\/\/www.smoothstar.com\/product\/26%e2%80%b3-mini-grom-cuttlefish-2\/\",\"name\":\"26\\\" Mini Grom Cuttlefish SmoothStar surfskate surf trainer. Europe\",\"isPartOf\":{\"@id\":\"https:\/\/www.smoothstar.com\/#website\"},\"primaryImageOfPage\":{\"@id\":\"https:\/\/www.smoothstar.com\/product\/26%e2%80%b3-mini-grom-cuttlefish-2\/#primaryimage\"},\"image\":{\"@id\":\"https:\/\/www.smoothstar.com\/product\/26%e2%80%b3-mini-grom-cuttlefish-2\/#primaryimage\"},\"thumbnailUrl\":\"https:\/\/www.smoothstar.com\/wp-content\/uploads\/2021\/06\/smoothstar_surfskate_surf_trainer_26_mingrom_complete_side_all_view_LR-1.jpeg\",\"datePublished\":\"2021-06-16T10:04:26+00:00\",\"dateModified\":\"2025-12-03T10:49:55+00:00\",\"description\":\"The 26\\\" Mini Grom Cuttlefish surfskate surf trainer is specifically designed for children between 3 to 8 years of age. The 26\u201d Mini Grom is perfect for kids.\",\"breadcrumb\":{\"@id\":\"https:\/\/www.smoothstar.com\/product\/26%e2%80%b3-mini-grom-cuttlefish-2\/#breadcrumb\"},\"inLanguage\":\"de\",\"potentialAction\":[{\"@type\":\"ReadAction\",\"target\":[\"https:\/\/www.smoothstar.com\/product\/26%e2%80%b3-mini-grom-cuttlefish-2\/\"]}]},{\"@type\":\"ImageObject\",\"inLanguage\":\"de\",\"@id\":\"https:\/\/www.smoothstar.com\/product\/26%e2%80%b3-mini-grom-cuttlefish-2\/#primaryimage\",\"url\":\"https:\/\/www.smoothstar.com\/wp-content\/uploads\/2021\/06\/smoothstar_surfskate_surf_trainer_26_mingrom_complete_side_all_view_LR-1.jpeg\",\"contentUrl\":\"https:\/\/www.smoothstar.com\/wp-content\/uploads\/2021\/06\/smoothstar_surfskate_surf_trainer_26_mingrom_complete_side_all_view_LR-1.jpeg\",\"width\":1600,\"height\":1600},{\"@type\":\"BreadcrumbList\",\"@id\":\"https:\/\/www.smoothstar.com\/product\/26%e2%80%b3-mini-grom-cuttlefish-2\/#breadcrumb\",\"itemListElement\":[{\"@type\":\"ListItem\",\"position\":1,\"name\":\"Home\",\"item\":\"https:\/\/www.smoothstar.com\/\"},{\"@type\":\"ListItem\",\"position\":2,\"name\":\"Shop\",\"item\":\"https:\/\/www.smoothstar.com\/shop\/\"},{\"@type\":\"ListItem\",\"position\":3,\"name\":\"26\u2033 Mini Grom - Cuttlefish\"}]},{\"@type\":\"WebSite\",\"@id\":\"https:\/\/www.smoothstar.com\/#website\",\"url\":\"https:\/\/www.smoothstar.com\/\",\"name\":\"SmoothStar Europe\",\"description\":\"Europe\",\"publisher\":{\"@id\":\"https:\/\/www.smoothstar.com\/#organization\"},\"potentialAction\":[{\"@type\":\"SearchAction\",\"target\":{\"@type\":\"EntryPoint\",\"urlTemplate\":\"https:\/\/www.smoothstar.com\/?s={search_term_string}\"},\"query-input\":{\"@type\":\"PropertyValueSpecification\",\"valueRequired\":true,\"valueName\":\"search_term_string\"}}],\"inLanguage\":\"de\"},{\"@type\":\"Organization\",\"@id\":\"https:\/\/www.smoothstar.com\/#organization\",\"name\":\"SmoothStar Europe s.r.o.\",\"url\":\"https:\/\/www.smoothstar.com\/\",\"logo\":{\"@type\":\"ImageObject\",\"inLanguage\":\"de\",\"@id\":\"https:\/\/www.smoothstar.com\/#\/schema\/logo\/image\/\",\"url\":\"https:\/\/www.smoothstar.com\/wp-content\/uploads\/2021\/05\/smoothstar-square-pixel.png\",\"contentUrl\":\"https:\/\/www.smoothstar.com\/wp-content\/uploads\/2021\/05\/smoothstar-square-pixel.png\",\"width\":512,\"height\":512,\"caption\":\"SmoothStar Europe s.r.o.\"},\"image\":{\"@id\":\"https:\/\/www.smoothstar.com\/#\/schema\/logo\/image\/\"},\"sameAs\":[\"https:\/\/www.facebook.com\/smoothstarskate\/\",\"https:\/\/www.instagram.com\/smoothstar\/\",\"https:\/\/www.youtube.com\/channel\/UCVqOqnZWdnEkF75C-27ApnQ\"]}]}<\/script>\n<!-- \/ Yoast SEO plugin. -->","yoast_head_json":{"title":"26\" Mini Grom Cuttlefish SmoothStar surfskate surf trainer. Europe","description":"The 26\" Mini Grom Cuttlefish surfskate surf trainer is specifically designed for children between 3 to 8 years of age. The 26\u201d Mini Grom is perfect for kids.","robots":{"index":"index","follow":"follow","max-snippet":"max-snippet:-1","max-image-preview":"max-image-preview:large","max-video-preview":"max-video-preview:-1"},"canonical":"https:\/\/www.smoothstar.com\/de\/produkt\/26\u2033-mini-grom-cuttlefish-2\/","og_locale":"de_DE","og_type":"article","og_title":"26\" Mini Grom Cuttlefish SmoothStar surfskate surf trainer. Europe","og_description":"The 26\" Mini Grom Cuttlefish surfskate surf trainer is specifically designed for children between 3 to 8 years of age. The 26\u201d Mini Grom is perfect for kids.","og_url":"https:\/\/www.smoothstar.com\/de\/produkt\/26\u2033-mini-grom-cuttlefish-2\/","og_site_name":"SmoothStar Europe","article_publisher":"https:\/\/www.facebook.com\/smoothstarskate\/","article_modified_time":"2025-12-03T10:49:55+00:00","og_image":[{"width":1600,"height":1600,"url":"https:\/\/www.smoothstar.com\/wp-content\/uploads\/2021\/06\/smoothstar_surfskate_surf_trainer_26_mingrom_complete_side_all_view_LR.jpeg","type":"image\/jpeg"}],"twitter_card":"summary_large_image","twitter_title":"26\" Mini Grom Cuttlefish SmoothStar surfskate surf trainer. Europe","twitter_description":"The 26\" Mini Grom Cuttlefish surfskate surf trainer is specifically designed for children between 3 to 8 years of age. The 26\u201d Mini Grom is perfect for kids.","twitter_image":"https:\/\/www.smoothstar.com\/wp-content\/uploads\/2021\/06\/smoothstar_surfskate_surf_trainer_26_mingrom_complete_side_all_view_LR.jpeg","twitter_misc":{"Gesch\u00e4tzte Lesezeit":"3\u00a0Minuten"},"schema":{"@context":"https:\/\/schema.org","@graph":[{"@type":"WebPage","@id":"https:\/\/www.smoothstar.com\/product\/26%e2%80%b3-mini-grom-cuttlefish-2\/","url":"https:\/\/www.smoothstar.com\/product\/26%e2%80%b3-mini-grom-cuttlefish-2\/","name":"26\" Mini Grom Cuttlefish SmoothStar surfskate surf trainer. Europe","isPartOf":{"@id":"https:\/\/www.smoothstar.com\/#website"},"primaryImageOfPage":{"@id":"https:\/\/www.smoothstar.com\/product\/26%e2%80%b3-mini-grom-cuttlefish-2\/#primaryimage"},"image":{"@id":"https:\/\/www.smoothstar.com\/product\/26%e2%80%b3-mini-grom-cuttlefish-2\/#primaryimage"},"thumbnailUrl":"https:\/\/www.smoothstar.com\/wp-content\/uploads\/2021\/06\/smoothstar_surfskate_surf_trainer_26_mingrom_complete_side_all_view_LR-1.jpeg","datePublished":"2021-06-16T10:04:26+00:00","dateModified":"2025-12-03T10:49:55+00:00","description":"The 26\" Mini Grom Cuttlefish surfskate surf trainer is specifically designed for children between 3 to 8 years of age. The 26\u201d Mini Grom is perfect for kids.","breadcrumb":{"@id":"https:\/\/www.smoothstar.com\/product\/26%e2%80%b3-mini-grom-cuttlefish-2\/#breadcrumb"},"inLanguage":"de","potentialAction":[{"@type":"ReadAction","target":["https:\/\/www.smoothstar.com\/product\/26%e2%80%b3-mini-grom-cuttlefish-2\/"]}]},{"@type":"ImageObject","inLanguage":"de","@id":"https:\/\/www.smoothstar.com\/product\/26%e2%80%b3-mini-grom-cuttlefish-2\/#primaryimage","url":"https:\/\/www.smoothstar.com\/wp-content\/uploads\/2021\/06\/smoothstar_surfskate_surf_trainer_26_mingrom_complete_side_all_view_LR-1.jpeg","contentUrl":"https:\/\/www.smoothstar.com\/wp-content\/uploads\/2021\/06\/smoothstar_surfskate_surf_trainer_26_mingrom_complete_side_all_view_LR-1.jpeg","width":1600,"height":1600},{"@type":"BreadcrumbList","@id":"https:\/\/www.smoothstar.com\/product\/26%e2%80%b3-mini-grom-cuttlefish-2\/#breadcrumb","itemListElement":[{"@type":"ListItem","position":1,"name":"Home","item":"https:\/\/www.smoothstar.com\/"},{"@type":"ListItem","position":2,"name":"Shop","item":"https:\/\/www.smoothstar.com\/shop\/"},{"@type":"ListItem","position":3,"name":"26\u2033 Mini Grom - Cuttlefish"}]},{"@type":"WebSite","@id":"https:\/\/www.smoothstar.com\/#website","url":"https:\/\/www.smoothstar.com\/","name":"SmoothStar Europe","description":"Europe","publisher":{"@id":"https:\/\/www.smoothstar.com\/#organization"},"potentialAction":[{"@type":"SearchAction","target":{"@type":"EntryPoint","urlTemplate":"https:\/\/www.smoothstar.com\/?s={search_term_string}"},"query-input":{"@type":"PropertyValueSpecification","valueRequired":true,"valueName":"search_term_string"}}],"inLanguage":"de"},{"@type":"Organization","@id":"https:\/\/www.smoothstar.com\/#organization","name":"SmoothStar Europe s.r.o.","url":"https:\/\/www.smoothstar.com\/","logo":{"@type":"ImageObject","inLanguage":"de","@id":"https:\/\/www.smoothstar.com\/#\/schema\/logo\/image\/","url":"https:\/\/www.smoothstar.com\/wp-content\/uploads\/2021\/05\/smoothstar-square-pixel.png","contentUrl":"https:\/\/www.smoothstar.com\/wp-content\/uploads\/2021\/05\/smoothstar-square-pixel.png","width":512,"height":512,"caption":"SmoothStar Europe s.r.o."},"image":{"@id":"https:\/\/www.smoothstar.com\/#\/schema\/logo\/image\/"},"sameAs":["https:\/\/www.facebook.com\/smoothstarskate\/","https:\/\/www.instagram.com\/smoothstar\/","https:\/\/www.youtube.com\/channel\/UCVqOqnZWdnEkF75C-27ApnQ"]}]}},"_links":{"self":[{"href":"https:\/\/www.smoothstar.com\/de\/wp-json\/wp\/v2\/product\/4817","targetHints":{"allow":["GET"]}}],"collection":[{"href":"https:\/\/www.smoothstar.com\/de\/wp-json\/wp\/v2\/product"}],"about":[{"href":"https:\/\/www.smoothstar.com\/de\/wp-json\/wp\/v2\/types\/product"}],"wp:featuredmedia":[{"embeddable":true,"href":"https:\/\/www.smoothstar.com\/de\/wp-json\/wp\/v2\/media\/4633"}],"wp:attachment":[{"href":"https:\/\/www.smoothstar.com\/de\/wp-json\/wp\/v2\/media?parent=4817"}],"wp:term":[{"taxonomy":"product_brand","embeddable":true,"href":"https:\/\/www.smoothstar.com\/de\/wp-json\/wp\/v2\/product_brand?post=4817"},{"taxonomy":"product_cat","embeddable":true,"href":"https:\/\/www.smoothstar.com\/de\/wp-json\/wp\/v2\/product_cat?post=4817"},{"taxonomy":"product_tag","embeddable":true,"href":"https:\/\/www.smoothstar.com\/de\/wp-json\/wp\/v2\/product_tag?post=4817"}],"curies":[{"name":"wp","href":"https:\/\/api.w.org\/{rel}","templated":true}]}}