{"id":169,"date":"2020-08-24T06:38:30","date_gmt":"2020-08-24T04:38:30","guid":{"rendered":"https:\/\/www.smoothstar.com\/?post_type=product&#038;p=169"},"modified":"2023-08-23T08:41:26","modified_gmt":"2023-08-23T06:41:26","slug":"32-5%e2%80%b3-johanne-defay-teal-white","status":"publish","type":"product","link":"https:\/\/www.smoothstar.com\/es\/producto\/32-5%e2%80%b3-johanne-defay-teal-white\/","title":{"rendered":"32.5\u2033 Johanne Defay \u2013 TEAL &#038; WHITE"},"content":{"rendered":"<p><strong>Product Description<\/strong><\/p>\n<p>El modelo Johanne Defay Pro de 32,5\u2033 es uno de los m\u00e1s nuevos de los entrenadores de surf SmoothStar. Se ha desarrollado estrechamente con la surfista profesional Johanne Defay e imita sus potentes giros de surf carving. El modelo de 32,5\u2033 tiene el c\u00f3ncavo m\u00e1s profundo de todos los modelos m\u00e1s peque\u00f1os de alto rendimiento de menos de 33\u2033. El c\u00f3ncavo m\u00e1s profundo permite a los riders sostener el canto m\u00e1s que otros modelos y ayuda a mantener la compresi\u00f3n a trav\u00e9s del giro, al igual que el surf.<\/p>","protected":false},"excerpt":{"rendered":"<p><strong>\u00bfEs este SmoothStar adecuado para m\u00ed?<\/strong><\/p>\n<p>La tabla de Johanne es adecuada para jovenes de m\u00e1s de 155cm y adultos de menos de 181cm. Este modelo SmoothStar es ideal para el surfista que tiene una altura media y que quiere realizar todas las maniobras de carving como: Round House Turns, Drawn out Carves y Grab Rail turns.<\/p>","protected":false},"featured_media":215,"template":"","meta":{"_acf_changed":false},"product_brand":[],"product_cat":[20,17],"product_tag":[],"class_list":{"0":"post-169","1":"product","2":"type-product","3":"status-publish","4":"has-post-thumbnail","6":"product_cat-32-5-johanne-defay","7":"product_cat-complete-smoothstars","9":"first","10":"outofstock","11":"taxable","12":"shipping-taxable","13":"purchasable","14":"product-type-simple"},"acf":[],"yoast_head":"<!-- This site is optimized with the Yoast SEO plugin v27.0 - https:\/\/yoast.com\/product\/yoast-seo-wordpress\/ -->\n<title>The 32.5&quot; Johanne Defay white surfskate surf trainer. SmoothStar Europe<\/title>\n<meta name=\"description\" content=\"The 32.5&quot; Johanne Defay surfskate (white) surf trainer is designed for groms over 155cm and adults under 181cm. Excellent for surfing.\" \/>\n<meta name=\"robots\" content=\"index, follow, max-snippet:-1, max-image-preview:large, max-video-preview:-1\" \/>\n<link rel=\"canonical\" href=\"https:\/\/www.smoothstar.com\/es\/producto\/32-5\u2033-johanne-defay-teal-white\/\" \/>\n<meta property=\"og:locale\" content=\"es_ES\" \/>\n<meta property=\"og:type\" content=\"article\" \/>\n<meta property=\"og:title\" content=\"The 32.5&quot; Johanne Defay white surfskate surf trainer. SmoothStar Europe\" \/>\n<meta property=\"og:description\" content=\"The 32.5&quot; Johanne Defay surfskate (white) surf trainer is designed for groms over 155cm and adults under 181cm. Excellent for surfing.\" \/>\n<meta property=\"og:url\" content=\"https:\/\/www.smoothstar.com\/es\/producto\/32-5\u2033-johanne-defay-teal-white\/\" \/>\n<meta property=\"og:site_name\" content=\"SmoothStar Europe\" \/>\n<meta property=\"article:publisher\" content=\"https:\/\/www.facebook.com\/smoothstarskate\/\" \/>\n<meta property=\"article:modified_time\" content=\"2023-08-23T06:41:26+00:00\" \/>\n<meta property=\"og:image\" content=\"https:\/\/www.smoothstar.com\/wp-content\/uploads\/2020\/08\/smoothstar_surfskate_surf_trainer_32.5_johanne_defay_complete_all_view_white_LR.jpg\" \/>\n\t<meta property=\"og:image:width\" content=\"1600\" \/>\n\t<meta property=\"og:image:height\" content=\"1600\" \/>\n\t<meta property=\"og:image:type\" content=\"image\/jpeg\" \/>\n<meta name=\"twitter:card\" content=\"summary_large_image\" \/>\n<meta name=\"twitter:title\" content=\"The 32.5&quot; Johanne Defay white surfskate surf trainer. SmoothStar Europe\" \/>\n<meta name=\"twitter:description\" content=\"The 32.5&quot; Johanne Defay surfskate (white) surf trainer is designed for groms over 155cm and adults under 181cm. Excellent for surfing.\" \/>\n<meta name=\"twitter:image\" content=\"https:\/\/www.smoothstar.com\/wp-content\/uploads\/2020\/08\/smoothstar_surfskate_surf_trainer_32.5_johanne_defay_complete_all_view_white_LR.jpg\" \/>\n<meta name=\"twitter:label1\" content=\"Tiempo de lectura\" \/>\n\t<meta name=\"twitter:data1\" content=\"1 minuto\" \/>\n<script type=\"application\/ld+json\" class=\"yoast-schema-graph\">{\"@context\":\"https:\/\/schema.org\",\"@graph\":[{\"@type\":\"WebPage\",\"@id\":\"https:\/\/www.smoothstar.com\/product\/32-5%e2%80%b3-johanne-defay-teal-white\/\",\"url\":\"https:\/\/www.smoothstar.com\/product\/32-5%e2%80%b3-johanne-defay-teal-white\/\",\"name\":\"The 32.5\\\" Johanne Defay white surfskate surf trainer. SmoothStar Europe\",\"isPartOf\":{\"@id\":\"https:\/\/www.smoothstar.com\/#website\"},\"primaryImageOfPage\":{\"@id\":\"https:\/\/www.smoothstar.com\/product\/32-5%e2%80%b3-johanne-defay-teal-white\/#primaryimage\"},\"image\":{\"@id\":\"https:\/\/www.smoothstar.com\/product\/32-5%e2%80%b3-johanne-defay-teal-white\/#primaryimage\"},\"thumbnailUrl\":\"https:\/\/www.smoothstar.com\/wp-content\/uploads\/2020\/08\/smoothstar_surfskate_surf_trainer_32.5_johanne_defay_complete_all_view_white_LR.jpg\",\"datePublished\":\"2020-08-24T04:38:30+00:00\",\"dateModified\":\"2023-08-23T06:41:26+00:00\",\"description\":\"The 32.5\\\" Johanne Defay surfskate (white) surf trainer is designed for groms over 155cm and adults under 181cm. Excellent for surfing.\",\"breadcrumb\":{\"@id\":\"https:\/\/www.smoothstar.com\/product\/32-5%e2%80%b3-johanne-defay-teal-white\/#breadcrumb\"},\"inLanguage\":\"es\",\"potentialAction\":[{\"@type\":\"ReadAction\",\"target\":[\"https:\/\/www.smoothstar.com\/product\/32-5%e2%80%b3-johanne-defay-teal-white\/\"]}]},{\"@type\":\"ImageObject\",\"inLanguage\":\"es\",\"@id\":\"https:\/\/www.smoothstar.com\/product\/32-5%e2%80%b3-johanne-defay-teal-white\/#primaryimage\",\"url\":\"https:\/\/www.smoothstar.com\/wp-content\/uploads\/2020\/08\/smoothstar_surfskate_surf_trainer_32.5_johanne_defay_complete_all_view_white_LR.jpg\",\"contentUrl\":\"https:\/\/www.smoothstar.com\/wp-content\/uploads\/2020\/08\/smoothstar_surfskate_surf_trainer_32.5_johanne_defay_complete_all_view_white_LR.jpg\",\"width\":1600,\"height\":1600},{\"@type\":\"BreadcrumbList\",\"@id\":\"https:\/\/www.smoothstar.com\/product\/32-5%e2%80%b3-johanne-defay-teal-white\/#breadcrumb\",\"itemListElement\":[{\"@type\":\"ListItem\",\"position\":1,\"name\":\"Home\",\"item\":\"https:\/\/www.smoothstar.com\/\"},{\"@type\":\"ListItem\",\"position\":2,\"name\":\"Shop\",\"item\":\"https:\/\/www.smoothstar.com\/shop\/\"},{\"@type\":\"ListItem\",\"position\":3,\"name\":\"32.5\u2033 Johanne Defay \u2013 TEAL &#038; WHITE\"}]},{\"@type\":\"WebSite\",\"@id\":\"https:\/\/www.smoothstar.com\/#website\",\"url\":\"https:\/\/www.smoothstar.com\/\",\"name\":\"SmoothStar Europe\",\"description\":\"Europe\",\"publisher\":{\"@id\":\"https:\/\/www.smoothstar.com\/#organization\"},\"potentialAction\":[{\"@type\":\"SearchAction\",\"target\":{\"@type\":\"EntryPoint\",\"urlTemplate\":\"https:\/\/www.smoothstar.com\/?s={search_term_string}\"},\"query-input\":{\"@type\":\"PropertyValueSpecification\",\"valueRequired\":true,\"valueName\":\"search_term_string\"}}],\"inLanguage\":\"es\"},{\"@type\":\"Organization\",\"@id\":\"https:\/\/www.smoothstar.com\/#organization\",\"name\":\"SmoothStar Europe s.r.o.\",\"url\":\"https:\/\/www.smoothstar.com\/\",\"logo\":{\"@type\":\"ImageObject\",\"inLanguage\":\"es\",\"@id\":\"https:\/\/www.smoothstar.com\/#\/schema\/logo\/image\/\",\"url\":\"https:\/\/www.smoothstar.com\/wp-content\/uploads\/2021\/05\/smoothstar-square-pixel.png\",\"contentUrl\":\"https:\/\/www.smoothstar.com\/wp-content\/uploads\/2021\/05\/smoothstar-square-pixel.png\",\"width\":512,\"height\":512,\"caption\":\"SmoothStar Europe s.r.o.\"},\"image\":{\"@id\":\"https:\/\/www.smoothstar.com\/#\/schema\/logo\/image\/\"},\"sameAs\":[\"https:\/\/www.facebook.com\/smoothstarskate\/\",\"https:\/\/www.instagram.com\/smoothstar\/\",\"https:\/\/www.youtube.com\/channel\/UCVqOqnZWdnEkF75C-27ApnQ\"]}]}<\/script>\n<!-- \/ Yoast SEO plugin. -->","yoast_head_json":{"title":"The 32.5\" Johanne Defay (blanco) surfskate, entrenador de surf. SmoothSta. Europa, Espa\u00f1a","description":"El surfskate Johanne Defay (blanco) de 32,5\" est\u00e1 dise\u00f1ado para groms de m\u00e1s de 155cm y adultos de menos de 181cm. Excelente para la pr\u00e1ctica del surf.","robots":{"index":"index","follow":"follow","max-snippet":"max-snippet:-1","max-image-preview":"max-image-preview:large","max-video-preview":"max-video-preview:-1"},"canonical":"https:\/\/www.smoothstar.com\/es\/producto\/32-5\u2033-johanne-defay-teal-white\/","og_locale":"es_ES","og_type":"article","og_title":"The 32.5\" Johanne Defay white surfskate surf trainer. SmoothStar Europe","og_description":"The 32.5\" Johanne Defay surfskate (white) surf trainer is designed for groms over 155cm and adults under 181cm. Excellent for surfing.","og_url":"https:\/\/www.smoothstar.com\/es\/producto\/32-5\u2033-johanne-defay-teal-white\/","og_site_name":"SmoothStar Europe","article_publisher":"https:\/\/www.facebook.com\/smoothstarskate\/","article_modified_time":"2023-08-23T06:41:26+00:00","og_image":[{"width":1600,"height":1600,"url":"https:\/\/www.smoothstar.com\/wp-content\/uploads\/2020\/08\/smoothstar_surfskate_surf_trainer_32.5_johanne_defay_complete_all_view_white_LR.jpg","type":"image\/jpeg"}],"twitter_card":"summary_large_image","twitter_title":"The 32.5\" Johanne Defay white surfskate surf trainer. SmoothStar Europe","twitter_description":"The 32.5\" Johanne Defay surfskate (white) surf trainer is designed for groms over 155cm and adults under 181cm. Excellent for surfing.","twitter_image":"https:\/\/www.smoothstar.com\/wp-content\/uploads\/2020\/08\/smoothstar_surfskate_surf_trainer_32.5_johanne_defay_complete_all_view_white_LR.jpg","twitter_misc":{"Tiempo de lectura":"1 minuto"},"schema":{"@context":"https:\/\/schema.org","@graph":[{"@type":"WebPage","@id":"https:\/\/www.smoothstar.com\/product\/32-5%e2%80%b3-johanne-defay-teal-white\/","url":"https:\/\/www.smoothstar.com\/product\/32-5%e2%80%b3-johanne-defay-teal-white\/","name":"The 32.5\" Johanne Defay (blanco) surfskate, entrenador de surf. SmoothSta. Europa, Espa\u00f1a","isPartOf":{"@id":"https:\/\/www.smoothstar.com\/#website"},"primaryImageOfPage":{"@id":"https:\/\/www.smoothstar.com\/product\/32-5%e2%80%b3-johanne-defay-teal-white\/#primaryimage"},"image":{"@id":"https:\/\/www.smoothstar.com\/product\/32-5%e2%80%b3-johanne-defay-teal-white\/#primaryimage"},"thumbnailUrl":"https:\/\/www.smoothstar.com\/wp-content\/uploads\/2020\/08\/smoothstar_surfskate_surf_trainer_32.5_johanne_defay_complete_all_view_white_LR.jpg","datePublished":"2020-08-24T04:38:30+00:00","dateModified":"2023-08-23T06:41:26+00:00","description":"El surfskate Johanne Defay (blanco) de 32,5\" est\u00e1 dise\u00f1ado para groms de m\u00e1s de 155cm y adultos de menos de 181cm. Excelente para la pr\u00e1ctica del surf.","breadcrumb":{"@id":"https:\/\/www.smoothstar.com\/product\/32-5%e2%80%b3-johanne-defay-teal-white\/#breadcrumb"},"inLanguage":"es","potentialAction":[{"@type":"ReadAction","target":["https:\/\/www.smoothstar.com\/product\/32-5%e2%80%b3-johanne-defay-teal-white\/"]}]},{"@type":"ImageObject","inLanguage":"es","@id":"https:\/\/www.smoothstar.com\/product\/32-5%e2%80%b3-johanne-defay-teal-white\/#primaryimage","url":"https:\/\/www.smoothstar.com\/wp-content\/uploads\/2020\/08\/smoothstar_surfskate_surf_trainer_32.5_johanne_defay_complete_all_view_white_LR.jpg","contentUrl":"https:\/\/www.smoothstar.com\/wp-content\/uploads\/2020\/08\/smoothstar_surfskate_surf_trainer_32.5_johanne_defay_complete_all_view_white_LR.jpg","width":1600,"height":1600},{"@type":"BreadcrumbList","@id":"https:\/\/www.smoothstar.com\/product\/32-5%e2%80%b3-johanne-defay-teal-white\/#breadcrumb","itemListElement":[{"@type":"ListItem","position":1,"name":"Home","item":"https:\/\/www.smoothstar.com\/"},{"@type":"ListItem","position":2,"name":"Shop","item":"https:\/\/www.smoothstar.com\/shop\/"},{"@type":"ListItem","position":3,"name":"32.5\u2033 Johanne Defay \u2013 TEAL &#038; WHITE"}]},{"@type":"WebSite","@id":"https:\/\/www.smoothstar.com\/#website","url":"https:\/\/www.smoothstar.com\/","name":"SmoothStar Europe","description":"Europe","publisher":{"@id":"https:\/\/www.smoothstar.com\/#organization"},"potentialAction":[{"@type":"SearchAction","target":{"@type":"EntryPoint","urlTemplate":"https:\/\/www.smoothstar.com\/?s={search_term_string}"},"query-input":{"@type":"PropertyValueSpecification","valueRequired":true,"valueName":"search_term_string"}}],"inLanguage":"es"},{"@type":"Organization","@id":"https:\/\/www.smoothstar.com\/#organization","name":"SmoothStar Europe s.r.o.","url":"https:\/\/www.smoothstar.com\/","logo":{"@type":"ImageObject","inLanguage":"es","@id":"https:\/\/www.smoothstar.com\/#\/schema\/logo\/image\/","url":"https:\/\/www.smoothstar.com\/wp-content\/uploads\/2021\/05\/smoothstar-square-pixel.png","contentUrl":"https:\/\/www.smoothstar.com\/wp-content\/uploads\/2021\/05\/smoothstar-square-pixel.png","width":512,"height":512,"caption":"SmoothStar Europe s.r.o."},"image":{"@id":"https:\/\/www.smoothstar.com\/#\/schema\/logo\/image\/"},"sameAs":["https:\/\/www.facebook.com\/smoothstarskate\/","https:\/\/www.instagram.com\/smoothstar\/","https:\/\/www.youtube.com\/channel\/UCVqOqnZWdnEkF75C-27ApnQ"]}]}},"_links":{"self":[{"href":"https:\/\/www.smoothstar.com\/es\/wp-json\/wp\/v2\/product\/169","targetHints":{"allow":["GET"]}}],"collection":[{"href":"https:\/\/www.smoothstar.com\/es\/wp-json\/wp\/v2\/product"}],"about":[{"href":"https:\/\/www.smoothstar.com\/es\/wp-json\/wp\/v2\/types\/product"}],"wp:featuredmedia":[{"embeddable":true,"href":"https:\/\/www.smoothstar.com\/es\/wp-json\/wp\/v2\/media\/215"}],"wp:attachment":[{"href":"https:\/\/www.smoothstar.com\/es\/wp-json\/wp\/v2\/media?parent=169"}],"wp:term":[{"taxonomy":"product_brand","embeddable":true,"href":"https:\/\/www.smoothstar.com\/es\/wp-json\/wp\/v2\/product_brand?post=169"},{"taxonomy":"product_cat","embeddable":true,"href":"https:\/\/www.smoothstar.com\/es\/wp-json\/wp\/v2\/product_cat?post=169"},{"taxonomy":"product_tag","embeddable":true,"href":"https:\/\/www.smoothstar.com\/es\/wp-json\/wp\/v2\/product_tag?post=169"}],"curies":[{"name":"wp","href":"https:\/\/api.w.org\/{rel}","templated":true}]}}