{"id":178,"date":"2020-08-28T05:32:17","date_gmt":"2020-08-28T03:32:17","guid":{"rendered":"https:\/\/www.smoothstar.com\/?post_type=product&#038;p=178"},"modified":"2023-10-25T08:45:07","modified_gmt":"2023-10-25T06:45:07","slug":"35-5%e2%80%b3-smoothstar-manta-ray","status":"publish","type":"product","link":"https:\/\/www.smoothstar.com\/es\/producto\/35-5%e2%80%b3-smoothstar-manta-ray\/","title":{"rendered":"35.5\u2033 SmoothStar Manta Ray"},"content":{"rendered":"","protected":false},"excerpt":{"rendered":"<p><strong>\u00bfEs este SmoothStar adecuado para m\u00ed? <\/strong><\/p>\n<p>La Manta Ray de 35,5\u2033 es adecuada para surfistas de 1,80 m o m\u00e1s (183 cm - 193 cm). Este modelo tiene un excelente impulso y agarre en los giros profundos del fondo. Los surfistas con un peso superior a 80kg sentir\u00e1n que la tabla se mantiene sin deslizarse. La superficie tiene el mismo c\u00f3ncavo que los modelos de 32,5\u2033 y 34\u2033. Hay una anchura extra en la parte trasera para acomodar los pies de mayor tama\u00f1o.<\/p>","protected":false},"featured_media":209,"template":"","meta":{"_acf_changed":false},"product_brand":[],"product_cat":[22,17],"product_tag":[],"class_list":{"0":"post-178","1":"product","2":"type-product","3":"status-publish","4":"has-post-thumbnail","6":"product_cat-35-5-smoothstar-manta-ray","7":"product_cat-complete-smoothstars","9":"first","10":"outofstock","11":"taxable","12":"shipping-taxable","13":"purchasable","14":"product-type-simple"},"acf":[],"yoast_head":"<!-- This site is optimized with the Yoast SEO plugin v27.0 - https:\/\/yoast.com\/product\/yoast-seo-wordpress\/ -->\n<title>The 35.5&quot; Manta Ray complete surfskate surf trainer. SmoothStar Europe<\/title>\n<meta name=\"description\" content=\"The 35.5&quot; Manta Ray surfskate surf trainer is suited to surfers that are 6ft or taller (183cm \u2013 193cm). This is #1 seller for bigger surfers.\" \/>\n<meta name=\"robots\" content=\"index, follow, max-snippet:-1, max-image-preview:large, max-video-preview:-1\" \/>\n<link rel=\"canonical\" href=\"https:\/\/www.smoothstar.com\/es\/producto\/35-5\u2033-smoothstar-manta-ray\/\" \/>\n<meta property=\"og:locale\" content=\"es_ES\" \/>\n<meta property=\"og:type\" content=\"article\" \/>\n<meta property=\"og:title\" content=\"The 35.5&quot; Manta Ray complete surfskate surf trainer. SmoothStar Europe\" \/>\n<meta property=\"og:description\" content=\"The 35.5&quot; Manta Ray surfskate surf trainer is suited to surfers that are 6ft or taller (183cm \u2013 193cm). This is #1 seller for bigger surfers.\" \/>\n<meta property=\"og:url\" content=\"https:\/\/www.smoothstar.com\/es\/producto\/35-5\u2033-smoothstar-manta-ray\/\" \/>\n<meta property=\"og:site_name\" content=\"SmoothStar Europe\" \/>\n<meta property=\"article:publisher\" content=\"https:\/\/www.facebook.com\/smoothstarskate\/\" \/>\n<meta property=\"article:modified_time\" content=\"2023-10-25T06:45:07+00:00\" \/>\n<meta property=\"og:image\" content=\"https:\/\/www.smoothstar.com\/wp-content\/uploads\/2020\/08\/smoothstar_surfskate_surf_trainer_35_manta_ray_complete_all_views_LR.jpg\" \/>\n\t<meta property=\"og:image:width\" content=\"1600\" \/>\n\t<meta property=\"og:image:height\" content=\"1600\" \/>\n\t<meta property=\"og:image:type\" content=\"image\/jpeg\" \/>\n<meta name=\"twitter:card\" content=\"summary_large_image\" \/>\n<meta name=\"twitter:title\" content=\"The 35.5&quot; Manta Ray complete surfskate surf trainer. SmoothStar Europe\" \/>\n<meta name=\"twitter:description\" content=\"The 35.5&quot; Manta Ray surfskate surf trainer is suited to surfers that are 6ft or taller (183cm \u2013 193cm). This is #1 seller for bigger surfers.\" \/>\n<meta name=\"twitter:image\" content=\"https:\/\/www.smoothstar.com\/wp-content\/uploads\/2020\/08\/smoothstar_surfskate_surf_trainer_35_manta_ray_complete_all_views_LR.jpg\" \/>\n<script type=\"application\/ld+json\" class=\"yoast-schema-graph\">{\"@context\":\"https:\/\/schema.org\",\"@graph\":[{\"@type\":\"WebPage\",\"@id\":\"https:\/\/www.smoothstar.com\/product\/35-5%e2%80%b3-smoothstar-manta-ray\/\",\"url\":\"https:\/\/www.smoothstar.com\/product\/35-5%e2%80%b3-smoothstar-manta-ray\/\",\"name\":\"The 35.5\\\" Manta Ray complete surfskate surf trainer. SmoothStar Europe\",\"isPartOf\":{\"@id\":\"https:\/\/www.smoothstar.com\/#website\"},\"primaryImageOfPage\":{\"@id\":\"https:\/\/www.smoothstar.com\/product\/35-5%e2%80%b3-smoothstar-manta-ray\/#primaryimage\"},\"image\":{\"@id\":\"https:\/\/www.smoothstar.com\/product\/35-5%e2%80%b3-smoothstar-manta-ray\/#primaryimage\"},\"thumbnailUrl\":\"https:\/\/www.smoothstar.com\/wp-content\/uploads\/2020\/08\/smoothstar_surfskate_surf_trainer_35_manta_ray_complete_all_views_LR.jpg\",\"datePublished\":\"2020-08-28T03:32:17+00:00\",\"dateModified\":\"2023-10-25T06:45:07+00:00\",\"description\":\"The 35.5\\\" Manta Ray surfskate surf trainer is suited to surfers that are 6ft or taller (183cm \u2013 193cm). This is #1 seller for bigger surfers.\",\"breadcrumb\":{\"@id\":\"https:\/\/www.smoothstar.com\/product\/35-5%e2%80%b3-smoothstar-manta-ray\/#breadcrumb\"},\"inLanguage\":\"es\",\"potentialAction\":[{\"@type\":\"ReadAction\",\"target\":[\"https:\/\/www.smoothstar.com\/product\/35-5%e2%80%b3-smoothstar-manta-ray\/\"]}]},{\"@type\":\"ImageObject\",\"inLanguage\":\"es\",\"@id\":\"https:\/\/www.smoothstar.com\/product\/35-5%e2%80%b3-smoothstar-manta-ray\/#primaryimage\",\"url\":\"https:\/\/www.smoothstar.com\/wp-content\/uploads\/2020\/08\/smoothstar_surfskate_surf_trainer_35_manta_ray_complete_all_views_LR.jpg\",\"contentUrl\":\"https:\/\/www.smoothstar.com\/wp-content\/uploads\/2020\/08\/smoothstar_surfskate_surf_trainer_35_manta_ray_complete_all_views_LR.jpg\",\"width\":1600,\"height\":1600},{\"@type\":\"BreadcrumbList\",\"@id\":\"https:\/\/www.smoothstar.com\/product\/35-5%e2%80%b3-smoothstar-manta-ray\/#breadcrumb\",\"itemListElement\":[{\"@type\":\"ListItem\",\"position\":1,\"name\":\"Home\",\"item\":\"https:\/\/www.smoothstar.com\/\"},{\"@type\":\"ListItem\",\"position\":2,\"name\":\"Shop\",\"item\":\"https:\/\/www.smoothstar.com\/shop\/\"},{\"@type\":\"ListItem\",\"position\":3,\"name\":\"35.5\u2033 SmoothStar Manta Ray\"}]},{\"@type\":\"WebSite\",\"@id\":\"https:\/\/www.smoothstar.com\/#website\",\"url\":\"https:\/\/www.smoothstar.com\/\",\"name\":\"SmoothStar Europe\",\"description\":\"Europe\",\"publisher\":{\"@id\":\"https:\/\/www.smoothstar.com\/#organization\"},\"potentialAction\":[{\"@type\":\"SearchAction\",\"target\":{\"@type\":\"EntryPoint\",\"urlTemplate\":\"https:\/\/www.smoothstar.com\/?s={search_term_string}\"},\"query-input\":{\"@type\":\"PropertyValueSpecification\",\"valueRequired\":true,\"valueName\":\"search_term_string\"}}],\"inLanguage\":\"es\"},{\"@type\":\"Organization\",\"@id\":\"https:\/\/www.smoothstar.com\/#organization\",\"name\":\"SmoothStar Europe s.r.o.\",\"url\":\"https:\/\/www.smoothstar.com\/\",\"logo\":{\"@type\":\"ImageObject\",\"inLanguage\":\"es\",\"@id\":\"https:\/\/www.smoothstar.com\/#\/schema\/logo\/image\/\",\"url\":\"https:\/\/www.smoothstar.com\/wp-content\/uploads\/2021\/05\/smoothstar-square-pixel.png\",\"contentUrl\":\"https:\/\/www.smoothstar.com\/wp-content\/uploads\/2021\/05\/smoothstar-square-pixel.png\",\"width\":512,\"height\":512,\"caption\":\"SmoothStar Europe s.r.o.\"},\"image\":{\"@id\":\"https:\/\/www.smoothstar.com\/#\/schema\/logo\/image\/\"},\"sameAs\":[\"https:\/\/www.facebook.com\/smoothstarskate\/\",\"https:\/\/www.instagram.com\/smoothstar\/\",\"https:\/\/www.youtube.com\/channel\/UCVqOqnZWdnEkF75C-27ApnQ\"]}]}<\/script>\n<!-- \/ Yoast SEO plugin. -->","yoast_head_json":{"title":"The 35.5\" Manta Ray surfskate, el completo entrenador de surf. SmoothStar Europa, Espa\u00f1a","description":"El entrenador de surf Manta Ray de 35,5\" es adecuado para surfistas de 1,80 metros o m\u00e1s (183cm - 193cm). Este es el n\u00famero 1 en ventas para los surfistas m\u00e1s grandes.","robots":{"index":"index","follow":"follow","max-snippet":"max-snippet:-1","max-image-preview":"max-image-preview:large","max-video-preview":"max-video-preview:-1"},"canonical":"https:\/\/www.smoothstar.com\/es\/producto\/35-5\u2033-smoothstar-manta-ray\/","og_locale":"es_ES","og_type":"article","og_title":"The 35.5\" Manta Ray complete surfskate surf trainer. SmoothStar Europe","og_description":"The 35.5\" Manta Ray surfskate surf trainer is suited to surfers that are 6ft or taller (183cm \u2013 193cm). This is #1 seller for bigger surfers.","og_url":"https:\/\/www.smoothstar.com\/es\/producto\/35-5\u2033-smoothstar-manta-ray\/","og_site_name":"SmoothStar Europe","article_publisher":"https:\/\/www.facebook.com\/smoothstarskate\/","article_modified_time":"2023-10-25T06:45:07+00:00","og_image":[{"width":1600,"height":1600,"url":"https:\/\/www.smoothstar.com\/wp-content\/uploads\/2020\/08\/smoothstar_surfskate_surf_trainer_35_manta_ray_complete_all_views_LR.jpg","type":"image\/jpeg"}],"twitter_card":"summary_large_image","twitter_title":"The 35.5\" Manta Ray complete surfskate surf trainer. SmoothStar Europe","twitter_description":"The 35.5\" Manta Ray surfskate surf trainer is suited to surfers that are 6ft or taller (183cm \u2013 193cm). This is #1 seller for bigger surfers.","twitter_image":"https:\/\/www.smoothstar.com\/wp-content\/uploads\/2020\/08\/smoothstar_surfskate_surf_trainer_35_manta_ray_complete_all_views_LR.jpg","schema":{"@context":"https:\/\/schema.org","@graph":[{"@type":"WebPage","@id":"https:\/\/www.smoothstar.com\/product\/35-5%e2%80%b3-smoothstar-manta-ray\/","url":"https:\/\/www.smoothstar.com\/product\/35-5%e2%80%b3-smoothstar-manta-ray\/","name":"The 35.5\" Manta Ray surfskate, el completo entrenador de surf. SmoothStar Europa, Espa\u00f1a","isPartOf":{"@id":"https:\/\/www.smoothstar.com\/#website"},"primaryImageOfPage":{"@id":"https:\/\/www.smoothstar.com\/product\/35-5%e2%80%b3-smoothstar-manta-ray\/#primaryimage"},"image":{"@id":"https:\/\/www.smoothstar.com\/product\/35-5%e2%80%b3-smoothstar-manta-ray\/#primaryimage"},"thumbnailUrl":"https:\/\/www.smoothstar.com\/wp-content\/uploads\/2020\/08\/smoothstar_surfskate_surf_trainer_35_manta_ray_complete_all_views_LR.jpg","datePublished":"2020-08-28T03:32:17+00:00","dateModified":"2023-10-25T06:45:07+00:00","description":"El entrenador de surf Manta Ray de 35,5\" es adecuado para surfistas de 1,80 metros o m\u00e1s (183cm - 193cm). Este es el n\u00famero 1 en ventas para los surfistas m\u00e1s grandes.","breadcrumb":{"@id":"https:\/\/www.smoothstar.com\/product\/35-5%e2%80%b3-smoothstar-manta-ray\/#breadcrumb"},"inLanguage":"es","potentialAction":[{"@type":"ReadAction","target":["https:\/\/www.smoothstar.com\/product\/35-5%e2%80%b3-smoothstar-manta-ray\/"]}]},{"@type":"ImageObject","inLanguage":"es","@id":"https:\/\/www.smoothstar.com\/product\/35-5%e2%80%b3-smoothstar-manta-ray\/#primaryimage","url":"https:\/\/www.smoothstar.com\/wp-content\/uploads\/2020\/08\/smoothstar_surfskate_surf_trainer_35_manta_ray_complete_all_views_LR.jpg","contentUrl":"https:\/\/www.smoothstar.com\/wp-content\/uploads\/2020\/08\/smoothstar_surfskate_surf_trainer_35_manta_ray_complete_all_views_LR.jpg","width":1600,"height":1600},{"@type":"BreadcrumbList","@id":"https:\/\/www.smoothstar.com\/product\/35-5%e2%80%b3-smoothstar-manta-ray\/#breadcrumb","itemListElement":[{"@type":"ListItem","position":1,"name":"Home","item":"https:\/\/www.smoothstar.com\/"},{"@type":"ListItem","position":2,"name":"Shop","item":"https:\/\/www.smoothstar.com\/shop\/"},{"@type":"ListItem","position":3,"name":"35.5\u2033 SmoothStar Manta Ray"}]},{"@type":"WebSite","@id":"https:\/\/www.smoothstar.com\/#website","url":"https:\/\/www.smoothstar.com\/","name":"SmoothStar Europe","description":"Europe","publisher":{"@id":"https:\/\/www.smoothstar.com\/#organization"},"potentialAction":[{"@type":"SearchAction","target":{"@type":"EntryPoint","urlTemplate":"https:\/\/www.smoothstar.com\/?s={search_term_string}"},"query-input":{"@type":"PropertyValueSpecification","valueRequired":true,"valueName":"search_term_string"}}],"inLanguage":"es"},{"@type":"Organization","@id":"https:\/\/www.smoothstar.com\/#organization","name":"SmoothStar Europe s.r.o.","url":"https:\/\/www.smoothstar.com\/","logo":{"@type":"ImageObject","inLanguage":"es","@id":"https:\/\/www.smoothstar.com\/#\/schema\/logo\/image\/","url":"https:\/\/www.smoothstar.com\/wp-content\/uploads\/2021\/05\/smoothstar-square-pixel.png","contentUrl":"https:\/\/www.smoothstar.com\/wp-content\/uploads\/2021\/05\/smoothstar-square-pixel.png","width":512,"height":512,"caption":"SmoothStar Europe s.r.o."},"image":{"@id":"https:\/\/www.smoothstar.com\/#\/schema\/logo\/image\/"},"sameAs":["https:\/\/www.facebook.com\/smoothstarskate\/","https:\/\/www.instagram.com\/smoothstar\/","https:\/\/www.youtube.com\/channel\/UCVqOqnZWdnEkF75C-27ApnQ"]}]}},"_links":{"self":[{"href":"https:\/\/www.smoothstar.com\/es\/wp-json\/wp\/v2\/product\/178","targetHints":{"allow":["GET"]}}],"collection":[{"href":"https:\/\/www.smoothstar.com\/es\/wp-json\/wp\/v2\/product"}],"about":[{"href":"https:\/\/www.smoothstar.com\/es\/wp-json\/wp\/v2\/types\/product"}],"wp:featuredmedia":[{"embeddable":true,"href":"https:\/\/www.smoothstar.com\/es\/wp-json\/wp\/v2\/media\/209"}],"wp:attachment":[{"href":"https:\/\/www.smoothstar.com\/es\/wp-json\/wp\/v2\/media?parent=178"}],"wp:term":[{"taxonomy":"product_brand","embeddable":true,"href":"https:\/\/www.smoothstar.com\/es\/wp-json\/wp\/v2\/product_brand?post=178"},{"taxonomy":"product_cat","embeddable":true,"href":"https:\/\/www.smoothstar.com\/es\/wp-json\/wp\/v2\/product_cat?post=178"},{"taxonomy":"product_tag","embeddable":true,"href":"https:\/\/www.smoothstar.com\/es\/wp-json\/wp\/v2\/product_tag?post=178"}],"curies":[{"name":"wp","href":"https:\/\/api.w.org\/{rel}","templated":true}]}}