{"id":220,"date":"2020-10-29T05:44:37","date_gmt":"2020-10-29T04:44:37","guid":{"rendered":"https:\/\/www.smoothstar.com\/?post_type=product&#038;p=220"},"modified":"2026-03-01T11:21:28","modified_gmt":"2026-03-01T10:21:28","slug":"30%e2%80%b3-barracuda-blue","status":"publish","type":"product","link":"https:\/\/www.smoothstar.com\/es\/producto\/30%e2%80%b3-barracuda-blue\/","title":{"rendered":"30\u2033 Barracuda (Azul)"},"content":{"rendered":"","protected":false},"excerpt":{"rendered":"<p><strong>\u00bfEs este SmoothStar adecuado para m\u00ed? <\/strong><\/p>\n<p>La tabla Barracuda est\u00e1 dise\u00f1ada para j\u00f3venes surfistas de hasta 135 cm de altura. Es una m\u00e1quina de surf carving con una gran capacidad de respuesta y de giro cerrado, que se puede llevar a cualquier parte. Pero no dejes que su tama\u00f1o te enga\u00f1e. Es una herramienta de entrenamiento de surf muy seria, dise\u00f1ada para los m\u00e1s j\u00f3venes que quieren progresar y perfeccionar su t\u00e9cnica, especialmente cuando las olas se toman vacaciones.<\/p>","protected":false},"featured_media":221,"template":"","meta":{"_acf_changed":false},"product_brand":[],"product_cat":[37,17],"product_tag":[],"class_list":{"0":"post-220","1":"product","2":"type-product","3":"status-publish","4":"has-post-thumbnail","6":"product_cat-30-barracuda","7":"product_cat-complete-smoothstars","9":"first","10":"instock","11":"taxable","12":"shipping-taxable","13":"purchasable","14":"product-type-simple"},"acf":[],"yoast_head":"<!-- This site is optimized with the Yoast SEO plugin v27.0 - https:\/\/yoast.com\/product\/yoast-seo-wordpress\/ -->\n<title>The 30&quot; Barracuda blue complete surfskate surf trainer. SmoothStar<\/title>\n<meta name=\"description\" content=\"The 30&quot; Barracuda (blue) surfskate surf trainer is designed for young surfing groms up to max height 135cm. The Barracuda is perfect for kids.\" \/>\n<meta name=\"robots\" content=\"index, follow, max-snippet:-1, max-image-preview:large, max-video-preview:-1\" \/>\n<link rel=\"canonical\" href=\"https:\/\/www.smoothstar.com\/es\/producto\/30\u2033-barracuda-blue\/\" \/>\n<meta property=\"og:locale\" content=\"es_ES\" \/>\n<meta property=\"og:type\" content=\"article\" \/>\n<meta property=\"og:title\" content=\"The 30&quot; Barracuda blue complete surfskate surf trainer. SmoothStar\" \/>\n<meta property=\"og:description\" content=\"The 30&quot; Barracuda (blue) surfskate surf trainer is designed for young surfing groms up to max height 135cm. The Barracuda is perfect for kids.\" \/>\n<meta property=\"og:url\" content=\"https:\/\/www.smoothstar.com\/es\/producto\/30\u2033-barracuda-blue\/\" \/>\n<meta property=\"og:site_name\" content=\"SmoothStar Europe\" \/>\n<meta property=\"article:publisher\" content=\"https:\/\/www.facebook.com\/smoothstarskate\/\" \/>\n<meta property=\"article:modified_time\" content=\"2026-03-01T10:21:28+00:00\" \/>\n<meta property=\"og:image\" content=\"https:\/\/www.smoothstar.com\/wp-content\/uploads\/2020\/10\/smoothstar_surfskate_surf_trainer_30_blue_barracuda_complete_all_view_LR.jpg\" \/>\n\t<meta property=\"og:image:width\" content=\"1600\" \/>\n\t<meta property=\"og:image:height\" content=\"1600\" \/>\n\t<meta property=\"og:image:type\" content=\"image\/jpeg\" \/>\n<meta name=\"twitter:card\" content=\"summary_large_image\" \/>\n<meta name=\"twitter:title\" content=\"The 30&quot; Barracuda blue complete surfskate surf trainer. SmoothStar\" \/>\n<meta name=\"twitter:description\" content=\"The 30&quot; Barracuda (blue) surfskate surf trainer is designed for young surfing groms up to max height 135cm. The Barracuda is perfect for kids.\" \/>\n<meta name=\"twitter:image\" content=\"https:\/\/www.smoothstar.com\/wp-content\/uploads\/2020\/10\/smoothstar_surfskate_surf_trainer_30_blue_barracuda_complete_all_view_LR.jpg\" \/>\n<script type=\"application\/ld+json\" class=\"yoast-schema-graph\">{\"@context\":\"https:\/\/schema.org\",\"@graph\":[{\"@type\":\"WebPage\",\"@id\":\"https:\/\/www.smoothstar.com\/product\/30%e2%80%b3-barracuda-blue\/\",\"url\":\"https:\/\/www.smoothstar.com\/product\/30%e2%80%b3-barracuda-blue\/\",\"name\":\"The 30\\\" Barracuda blue complete surfskate surf trainer. SmoothStar\",\"isPartOf\":{\"@id\":\"https:\/\/www.smoothstar.com\/#website\"},\"primaryImageOfPage\":{\"@id\":\"https:\/\/www.smoothstar.com\/product\/30%e2%80%b3-barracuda-blue\/#primaryimage\"},\"image\":{\"@id\":\"https:\/\/www.smoothstar.com\/product\/30%e2%80%b3-barracuda-blue\/#primaryimage\"},\"thumbnailUrl\":\"https:\/\/www.smoothstar.com\/wp-content\/uploads\/2020\/10\/smoothstar_surfskate_surf_trainer_30_blue_barracuda_complete_all_view_LR.jpg\",\"datePublished\":\"2020-10-29T04:44:37+00:00\",\"dateModified\":\"2026-03-01T10:21:28+00:00\",\"description\":\"The 30\\\" Barracuda (blue) surfskate surf trainer is designed for young surfing groms up to max height 135cm. The Barracuda is perfect for kids.\",\"breadcrumb\":{\"@id\":\"https:\/\/www.smoothstar.com\/product\/30%e2%80%b3-barracuda-blue\/#breadcrumb\"},\"inLanguage\":\"es\",\"potentialAction\":[{\"@type\":\"ReadAction\",\"target\":[\"https:\/\/www.smoothstar.com\/product\/30%e2%80%b3-barracuda-blue\/\"]}]},{\"@type\":\"ImageObject\",\"inLanguage\":\"es\",\"@id\":\"https:\/\/www.smoothstar.com\/product\/30%e2%80%b3-barracuda-blue\/#primaryimage\",\"url\":\"https:\/\/www.smoothstar.com\/wp-content\/uploads\/2020\/10\/smoothstar_surfskate_surf_trainer_30_blue_barracuda_complete_all_view_LR.jpg\",\"contentUrl\":\"https:\/\/www.smoothstar.com\/wp-content\/uploads\/2020\/10\/smoothstar_surfskate_surf_trainer_30_blue_barracuda_complete_all_view_LR.jpg\",\"width\":1600,\"height\":1600},{\"@type\":\"BreadcrumbList\",\"@id\":\"https:\/\/www.smoothstar.com\/product\/30%e2%80%b3-barracuda-blue\/#breadcrumb\",\"itemListElement\":[{\"@type\":\"ListItem\",\"position\":1,\"name\":\"Home\",\"item\":\"https:\/\/www.smoothstar.com\/\"},{\"@type\":\"ListItem\",\"position\":2,\"name\":\"Shop\",\"item\":\"https:\/\/www.smoothstar.com\/shop\/\"},{\"@type\":\"ListItem\",\"position\":3,\"name\":\"30\u2033 Barracuda (Blue)\"}]},{\"@type\":\"WebSite\",\"@id\":\"https:\/\/www.smoothstar.com\/#website\",\"url\":\"https:\/\/www.smoothstar.com\/\",\"name\":\"SmoothStar Europe\",\"description\":\"Europe\",\"publisher\":{\"@id\":\"https:\/\/www.smoothstar.com\/#organization\"},\"potentialAction\":[{\"@type\":\"SearchAction\",\"target\":{\"@type\":\"EntryPoint\",\"urlTemplate\":\"https:\/\/www.smoothstar.com\/?s={search_term_string}\"},\"query-input\":{\"@type\":\"PropertyValueSpecification\",\"valueRequired\":true,\"valueName\":\"search_term_string\"}}],\"inLanguage\":\"es\"},{\"@type\":\"Organization\",\"@id\":\"https:\/\/www.smoothstar.com\/#organization\",\"name\":\"SmoothStar Europe s.r.o.\",\"url\":\"https:\/\/www.smoothstar.com\/\",\"logo\":{\"@type\":\"ImageObject\",\"inLanguage\":\"es\",\"@id\":\"https:\/\/www.smoothstar.com\/#\/schema\/logo\/image\/\",\"url\":\"https:\/\/www.smoothstar.com\/wp-content\/uploads\/2021\/05\/smoothstar-square-pixel.png\",\"contentUrl\":\"https:\/\/www.smoothstar.com\/wp-content\/uploads\/2021\/05\/smoothstar-square-pixel.png\",\"width\":512,\"height\":512,\"caption\":\"SmoothStar Europe s.r.o.\"},\"image\":{\"@id\":\"https:\/\/www.smoothstar.com\/#\/schema\/logo\/image\/\"},\"sameAs\":[\"https:\/\/www.facebook.com\/smoothstarskate\/\",\"https:\/\/www.instagram.com\/smoothstar\/\",\"https:\/\/www.youtube.com\/channel\/UCVqOqnZWdnEkF75C-27ApnQ\"]}]}<\/script>\n<!-- \/ Yoast SEO plugin. -->","yoast_head_json":{"title":"The 30\" Barracuda azul es un completo entrenador de surfskate. SmoothStar. Europa, Espa\u00f1a","description":"La Barracuda de 30\" (azul) es una tabla de surfskate dise\u00f1ada para j\u00f3venes surfistas de hasta 135 cm de altura. El Barracuda es perfecto para los ni\u00f1os.","robots":{"index":"index","follow":"follow","max-snippet":"max-snippet:-1","max-image-preview":"max-image-preview:large","max-video-preview":"max-video-preview:-1"},"canonical":"https:\/\/www.smoothstar.com\/es\/producto\/30\u2033-barracuda-blue\/","og_locale":"es_ES","og_type":"article","og_title":"The 30\" Barracuda blue complete surfskate surf trainer. SmoothStar","og_description":"The 30\" Barracuda (blue) surfskate surf trainer is designed for young surfing groms up to max height 135cm. The Barracuda is perfect for kids.","og_url":"https:\/\/www.smoothstar.com\/es\/producto\/30\u2033-barracuda-blue\/","og_site_name":"SmoothStar Europe","article_publisher":"https:\/\/www.facebook.com\/smoothstarskate\/","article_modified_time":"2026-03-01T10:21:28+00:00","og_image":[{"width":1600,"height":1600,"url":"https:\/\/www.smoothstar.com\/wp-content\/uploads\/2020\/10\/smoothstar_surfskate_surf_trainer_30_blue_barracuda_complete_all_view_LR.jpg","type":"image\/jpeg"}],"twitter_card":"summary_large_image","twitter_title":"The 30\" Barracuda blue complete surfskate surf trainer. SmoothStar","twitter_description":"The 30\" Barracuda (blue) surfskate surf trainer is designed for young surfing groms up to max height 135cm. The Barracuda is perfect for kids.","twitter_image":"https:\/\/www.smoothstar.com\/wp-content\/uploads\/2020\/10\/smoothstar_surfskate_surf_trainer_30_blue_barracuda_complete_all_view_LR.jpg","schema":{"@context":"https:\/\/schema.org","@graph":[{"@type":"WebPage","@id":"https:\/\/www.smoothstar.com\/product\/30%e2%80%b3-barracuda-blue\/","url":"https:\/\/www.smoothstar.com\/product\/30%e2%80%b3-barracuda-blue\/","name":"The 30\" Barracuda azul es un completo entrenador de surfskate. SmoothStar. Europa, Espa\u00f1a","isPartOf":{"@id":"https:\/\/www.smoothstar.com\/#website"},"primaryImageOfPage":{"@id":"https:\/\/www.smoothstar.com\/product\/30%e2%80%b3-barracuda-blue\/#primaryimage"},"image":{"@id":"https:\/\/www.smoothstar.com\/product\/30%e2%80%b3-barracuda-blue\/#primaryimage"},"thumbnailUrl":"https:\/\/www.smoothstar.com\/wp-content\/uploads\/2020\/10\/smoothstar_surfskate_surf_trainer_30_blue_barracuda_complete_all_view_LR.jpg","datePublished":"2020-10-29T04:44:37+00:00","dateModified":"2026-03-01T10:21:28+00:00","description":"La Barracuda de 30\" (azul) es una tabla de surfskate dise\u00f1ada para j\u00f3venes surfistas de hasta 135 cm de altura. El Barracuda es perfecto para los ni\u00f1os.","breadcrumb":{"@id":"https:\/\/www.smoothstar.com\/product\/30%e2%80%b3-barracuda-blue\/#breadcrumb"},"inLanguage":"es","potentialAction":[{"@type":"ReadAction","target":["https:\/\/www.smoothstar.com\/product\/30%e2%80%b3-barracuda-blue\/"]}]},{"@type":"ImageObject","inLanguage":"es","@id":"https:\/\/www.smoothstar.com\/product\/30%e2%80%b3-barracuda-blue\/#primaryimage","url":"https:\/\/www.smoothstar.com\/wp-content\/uploads\/2020\/10\/smoothstar_surfskate_surf_trainer_30_blue_barracuda_complete_all_view_LR.jpg","contentUrl":"https:\/\/www.smoothstar.com\/wp-content\/uploads\/2020\/10\/smoothstar_surfskate_surf_trainer_30_blue_barracuda_complete_all_view_LR.jpg","width":1600,"height":1600},{"@type":"BreadcrumbList","@id":"https:\/\/www.smoothstar.com\/product\/30%e2%80%b3-barracuda-blue\/#breadcrumb","itemListElement":[{"@type":"ListItem","position":1,"name":"Home","item":"https:\/\/www.smoothstar.com\/"},{"@type":"ListItem","position":2,"name":"Shop","item":"https:\/\/www.smoothstar.com\/shop\/"},{"@type":"ListItem","position":3,"name":"30\u2033 Barracuda (Blue)"}]},{"@type":"WebSite","@id":"https:\/\/www.smoothstar.com\/#website","url":"https:\/\/www.smoothstar.com\/","name":"SmoothStar Europe","description":"Europe","publisher":{"@id":"https:\/\/www.smoothstar.com\/#organization"},"potentialAction":[{"@type":"SearchAction","target":{"@type":"EntryPoint","urlTemplate":"https:\/\/www.smoothstar.com\/?s={search_term_string}"},"query-input":{"@type":"PropertyValueSpecification","valueRequired":true,"valueName":"search_term_string"}}],"inLanguage":"es"},{"@type":"Organization","@id":"https:\/\/www.smoothstar.com\/#organization","name":"SmoothStar Europe s.r.o.","url":"https:\/\/www.smoothstar.com\/","logo":{"@type":"ImageObject","inLanguage":"es","@id":"https:\/\/www.smoothstar.com\/#\/schema\/logo\/image\/","url":"https:\/\/www.smoothstar.com\/wp-content\/uploads\/2021\/05\/smoothstar-square-pixel.png","contentUrl":"https:\/\/www.smoothstar.com\/wp-content\/uploads\/2021\/05\/smoothstar-square-pixel.png","width":512,"height":512,"caption":"SmoothStar Europe s.r.o."},"image":{"@id":"https:\/\/www.smoothstar.com\/#\/schema\/logo\/image\/"},"sameAs":["https:\/\/www.facebook.com\/smoothstarskate\/","https:\/\/www.instagram.com\/smoothstar\/","https:\/\/www.youtube.com\/channel\/UCVqOqnZWdnEkF75C-27ApnQ"]}]}},"_links":{"self":[{"href":"https:\/\/www.smoothstar.com\/es\/wp-json\/wp\/v2\/product\/220","targetHints":{"allow":["GET"]}}],"collection":[{"href":"https:\/\/www.smoothstar.com\/es\/wp-json\/wp\/v2\/product"}],"about":[{"href":"https:\/\/www.smoothstar.com\/es\/wp-json\/wp\/v2\/types\/product"}],"wp:featuredmedia":[{"embeddable":true,"href":"https:\/\/www.smoothstar.com\/es\/wp-json\/wp\/v2\/media\/221"}],"wp:attachment":[{"href":"https:\/\/www.smoothstar.com\/es\/wp-json\/wp\/v2\/media?parent=220"}],"wp:term":[{"taxonomy":"product_brand","embeddable":true,"href":"https:\/\/www.smoothstar.com\/es\/wp-json\/wp\/v2\/product_brand?post=220"},{"taxonomy":"product_cat","embeddable":true,"href":"https:\/\/www.smoothstar.com\/es\/wp-json\/wp\/v2\/product_cat?post=220"},{"taxonomy":"product_tag","embeddable":true,"href":"https:\/\/www.smoothstar.com\/es\/wp-json\/wp\/v2\/product_tag?post=220"}],"curies":[{"name":"wp","href":"https:\/\/api.w.org\/{rel}","templated":true}]}}