{"id":270,"date":"2020-11-15T10:36:57","date_gmt":"2020-11-15T09:36:57","guid":{"rendered":"https:\/\/www.smoothstar.com\/?post_type=product&#038;p=270"},"modified":"2023-11-05T21:16:20","modified_gmt":"2023-11-05T20:16:20","slug":"thruster-recondition","status":"publish","type":"product","link":"https:\/\/www.smoothstar.com\/es\/producto\/thruster-recondition\/","title":{"rendered":"Thruster Recondition"},"content":{"rendered":"","protected":false},"excerpt":{"rendered":"<p>Los propulsores SmoothStar son robustos y deber\u00edan durar un m\u00ednimo de 4 a\u00f1os si se mantienen correctamente. SmoothStar ha creado unos v\u00eddeos muy \u00fatiles sobre c\u00f3mo mantener y cuidar su SmoothStar. Muchos riders de SmoothStar de todo el mundo viven cerca del oc\u00e9ano y practican el surf en calles saladas y oxidadas. Si por casualidad los riders no han mantenido su SmoothStar y ya no est\u00e1 demostrando la sensaci\u00f3n de surf, es posible que necesite un \"Servicio de Patinaje SmoothStar\".<\/p>","protected":false},"featured_media":271,"template":"","meta":{"_acf_changed":false},"product_brand":[],"product_cat":[39],"product_tag":[],"class_list":{"0":"post-270","1":"product","2":"type-product","3":"status-publish","4":"has-post-thumbnail","6":"product_cat-trucks-thrusters","8":"first","9":"outofstock","10":"taxable","11":"shipping-taxable","12":"purchasable","13":"product-type-simple"},"acf":[],"yoast_head":"<!-- This site is optimized with the Yoast SEO plugin v27.0 - https:\/\/yoast.com\/product\/yoast-seo-wordpress\/ -->\n<title>Thruster Recondition | SmoothStar Europe<\/title>\n<meta name=\"robots\" content=\"index, follow, max-snippet:-1, max-image-preview:large, max-video-preview:-1\" \/>\n<link rel=\"canonical\" href=\"https:\/\/www.smoothstar.com\/es\/producto\/thruster-recondition\/\" \/>\n<meta property=\"og:locale\" content=\"es_ES\" \/>\n<meta property=\"og:type\" content=\"article\" \/>\n<meta property=\"og:title\" content=\"Thruster Recondition | SmoothStar Europe\" \/>\n<meta property=\"og:description\" content=\"The SmoothStar Thrusters are robust and should last a minimum of 4 years if maintained correctly. SmoothStar created some very useful videos on how to maintain and look after your SmoothStar. Many SmoothStar riders all over the world live near the ocean, surf skating around salty and rusty streets. If by chance riders have not maintained their SmoothStar and it is no longer proving the surf feeling, you may need a \u201cSmoothStar Thruster Service.\" \/>\n<meta property=\"og:url\" content=\"https:\/\/www.smoothstar.com\/es\/producto\/thruster-recondition\/\" \/>\n<meta property=\"og:site_name\" content=\"SmoothStar Europe\" \/>\n<meta property=\"article:publisher\" content=\"https:\/\/www.facebook.com\/smoothstarskate\/\" \/>\n<meta property=\"article:modified_time\" content=\"2023-11-05T20:16:20+00:00\" \/>\n<meta property=\"og:image\" content=\"https:\/\/www.smoothstar.com\/wp-content\/uploads\/2020\/11\/thruster-recondition.jpg\" \/>\n\t<meta property=\"og:image:width\" content=\"600\" \/>\n\t<meta property=\"og:image:height\" content=\"520\" \/>\n\t<meta property=\"og:image:type\" content=\"image\/jpeg\" \/>\n<meta name=\"twitter:card\" content=\"summary_large_image\" \/>\n<script type=\"application\/ld+json\" class=\"yoast-schema-graph\">{\"@context\":\"https:\/\/schema.org\",\"@graph\":[{\"@type\":\"WebPage\",\"@id\":\"https:\/\/www.smoothstar.com\/product\/thruster-recondition\/\",\"url\":\"https:\/\/www.smoothstar.com\/product\/thruster-recondition\/\",\"name\":\"Thruster Recondition | SmoothStar Europe\",\"isPartOf\":{\"@id\":\"https:\/\/www.smoothstar.com\/#website\"},\"primaryImageOfPage\":{\"@id\":\"https:\/\/www.smoothstar.com\/product\/thruster-recondition\/#primaryimage\"},\"image\":{\"@id\":\"https:\/\/www.smoothstar.com\/product\/thruster-recondition\/#primaryimage\"},\"thumbnailUrl\":\"https:\/\/www.smoothstar.com\/wp-content\/uploads\/2020\/11\/thruster-recondition.jpg\",\"datePublished\":\"2020-11-15T09:36:57+00:00\",\"dateModified\":\"2023-11-05T20:16:20+00:00\",\"breadcrumb\":{\"@id\":\"https:\/\/www.smoothstar.com\/product\/thruster-recondition\/#breadcrumb\"},\"inLanguage\":\"es\",\"potentialAction\":[{\"@type\":\"ReadAction\",\"target\":[\"https:\/\/www.smoothstar.com\/product\/thruster-recondition\/\"]}]},{\"@type\":\"ImageObject\",\"inLanguage\":\"es\",\"@id\":\"https:\/\/www.smoothstar.com\/product\/thruster-recondition\/#primaryimage\",\"url\":\"https:\/\/www.smoothstar.com\/wp-content\/uploads\/2020\/11\/thruster-recondition.jpg\",\"contentUrl\":\"https:\/\/www.smoothstar.com\/wp-content\/uploads\/2020\/11\/thruster-recondition.jpg\",\"width\":600,\"height\":520},{\"@type\":\"BreadcrumbList\",\"@id\":\"https:\/\/www.smoothstar.com\/product\/thruster-recondition\/#breadcrumb\",\"itemListElement\":[{\"@type\":\"ListItem\",\"position\":1,\"name\":\"Home\",\"item\":\"https:\/\/www.smoothstar.com\/\"},{\"@type\":\"ListItem\",\"position\":2,\"name\":\"Shop\",\"item\":\"https:\/\/www.smoothstar.com\/shop\/\"},{\"@type\":\"ListItem\",\"position\":3,\"name\":\"Thruster Recondition\"}]},{\"@type\":\"WebSite\",\"@id\":\"https:\/\/www.smoothstar.com\/#website\",\"url\":\"https:\/\/www.smoothstar.com\/\",\"name\":\"SmoothStar Europe\",\"description\":\"Europe\",\"publisher\":{\"@id\":\"https:\/\/www.smoothstar.com\/#organization\"},\"potentialAction\":[{\"@type\":\"SearchAction\",\"target\":{\"@type\":\"EntryPoint\",\"urlTemplate\":\"https:\/\/www.smoothstar.com\/?s={search_term_string}\"},\"query-input\":{\"@type\":\"PropertyValueSpecification\",\"valueRequired\":true,\"valueName\":\"search_term_string\"}}],\"inLanguage\":\"es\"},{\"@type\":\"Organization\",\"@id\":\"https:\/\/www.smoothstar.com\/#organization\",\"name\":\"SmoothStar Europe s.r.o.\",\"url\":\"https:\/\/www.smoothstar.com\/\",\"logo\":{\"@type\":\"ImageObject\",\"inLanguage\":\"es\",\"@id\":\"https:\/\/www.smoothstar.com\/#\/schema\/logo\/image\/\",\"url\":\"https:\/\/www.smoothstar.com\/wp-content\/uploads\/2021\/05\/smoothstar-square-pixel.png\",\"contentUrl\":\"https:\/\/www.smoothstar.com\/wp-content\/uploads\/2021\/05\/smoothstar-square-pixel.png\",\"width\":512,\"height\":512,\"caption\":\"SmoothStar Europe s.r.o.\"},\"image\":{\"@id\":\"https:\/\/www.smoothstar.com\/#\/schema\/logo\/image\/\"},\"sameAs\":[\"https:\/\/www.facebook.com\/smoothstarskate\/\",\"https:\/\/www.instagram.com\/smoothstar\/\",\"https:\/\/www.youtube.com\/channel\/UCVqOqnZWdnEkF75C-27ApnQ\"]}]}<\/script>\n<!-- \/ Yoast SEO plugin. -->","yoast_head_json":{"title":"Reacondicionamiento de ejes | SmoothStar Europa, Espa\u00f1a","robots":{"index":"index","follow":"follow","max-snippet":"max-snippet:-1","max-image-preview":"max-image-preview:large","max-video-preview":"max-video-preview:-1"},"canonical":"https:\/\/www.smoothstar.com\/es\/producto\/thruster-recondition\/","og_locale":"es_ES","og_type":"article","og_title":"Thruster Recondition | SmoothStar Europe","og_description":"The SmoothStar Thrusters are robust and should last a minimum of 4 years if maintained correctly. SmoothStar created some very useful videos on how to maintain and look after your SmoothStar. Many SmoothStar riders all over the world live near the ocean, surf skating around salty and rusty streets. If by chance riders have not maintained their SmoothStar and it is no longer proving the surf feeling, you may need a \u201cSmoothStar Thruster Service.","og_url":"https:\/\/www.smoothstar.com\/es\/producto\/thruster-recondition\/","og_site_name":"SmoothStar Europe","article_publisher":"https:\/\/www.facebook.com\/smoothstarskate\/","article_modified_time":"2023-11-05T20:16:20+00:00","og_image":[{"width":600,"height":520,"url":"https:\/\/www.smoothstar.com\/wp-content\/uploads\/2020\/11\/thruster-recondition.jpg","type":"image\/jpeg"}],"twitter_card":"summary_large_image","schema":{"@context":"https:\/\/schema.org","@graph":[{"@type":"WebPage","@id":"https:\/\/www.smoothstar.com\/product\/thruster-recondition\/","url":"https:\/\/www.smoothstar.com\/product\/thruster-recondition\/","name":"Reacondicionamiento de ejes | SmoothStar Europa, Espa\u00f1a","isPartOf":{"@id":"https:\/\/www.smoothstar.com\/#website"},"primaryImageOfPage":{"@id":"https:\/\/www.smoothstar.com\/product\/thruster-recondition\/#primaryimage"},"image":{"@id":"https:\/\/www.smoothstar.com\/product\/thruster-recondition\/#primaryimage"},"thumbnailUrl":"https:\/\/www.smoothstar.com\/wp-content\/uploads\/2020\/11\/thruster-recondition.jpg","datePublished":"2020-11-15T09:36:57+00:00","dateModified":"2023-11-05T20:16:20+00:00","breadcrumb":{"@id":"https:\/\/www.smoothstar.com\/product\/thruster-recondition\/#breadcrumb"},"inLanguage":"es","potentialAction":[{"@type":"ReadAction","target":["https:\/\/www.smoothstar.com\/product\/thruster-recondition\/"]}]},{"@type":"ImageObject","inLanguage":"es","@id":"https:\/\/www.smoothstar.com\/product\/thruster-recondition\/#primaryimage","url":"https:\/\/www.smoothstar.com\/wp-content\/uploads\/2020\/11\/thruster-recondition.jpg","contentUrl":"https:\/\/www.smoothstar.com\/wp-content\/uploads\/2020\/11\/thruster-recondition.jpg","width":600,"height":520},{"@type":"BreadcrumbList","@id":"https:\/\/www.smoothstar.com\/product\/thruster-recondition\/#breadcrumb","itemListElement":[{"@type":"ListItem","position":1,"name":"Home","item":"https:\/\/www.smoothstar.com\/"},{"@type":"ListItem","position":2,"name":"Shop","item":"https:\/\/www.smoothstar.com\/shop\/"},{"@type":"ListItem","position":3,"name":"Thruster Recondition"}]},{"@type":"WebSite","@id":"https:\/\/www.smoothstar.com\/#website","url":"https:\/\/www.smoothstar.com\/","name":"SmoothStar Europe","description":"Europe","publisher":{"@id":"https:\/\/www.smoothstar.com\/#organization"},"potentialAction":[{"@type":"SearchAction","target":{"@type":"EntryPoint","urlTemplate":"https:\/\/www.smoothstar.com\/?s={search_term_string}"},"query-input":{"@type":"PropertyValueSpecification","valueRequired":true,"valueName":"search_term_string"}}],"inLanguage":"es"},{"@type":"Organization","@id":"https:\/\/www.smoothstar.com\/#organization","name":"SmoothStar Europe s.r.o.","url":"https:\/\/www.smoothstar.com\/","logo":{"@type":"ImageObject","inLanguage":"es","@id":"https:\/\/www.smoothstar.com\/#\/schema\/logo\/image\/","url":"https:\/\/www.smoothstar.com\/wp-content\/uploads\/2021\/05\/smoothstar-square-pixel.png","contentUrl":"https:\/\/www.smoothstar.com\/wp-content\/uploads\/2021\/05\/smoothstar-square-pixel.png","width":512,"height":512,"caption":"SmoothStar Europe s.r.o."},"image":{"@id":"https:\/\/www.smoothstar.com\/#\/schema\/logo\/image\/"},"sameAs":["https:\/\/www.facebook.com\/smoothstarskate\/","https:\/\/www.instagram.com\/smoothstar\/","https:\/\/www.youtube.com\/channel\/UCVqOqnZWdnEkF75C-27ApnQ"]}]}},"_links":{"self":[{"href":"https:\/\/www.smoothstar.com\/es\/wp-json\/wp\/v2\/product\/270","targetHints":{"allow":["GET"]}}],"collection":[{"href":"https:\/\/www.smoothstar.com\/es\/wp-json\/wp\/v2\/product"}],"about":[{"href":"https:\/\/www.smoothstar.com\/es\/wp-json\/wp\/v2\/types\/product"}],"wp:featuredmedia":[{"embeddable":true,"href":"https:\/\/www.smoothstar.com\/es\/wp-json\/wp\/v2\/media\/271"}],"wp:attachment":[{"href":"https:\/\/www.smoothstar.com\/es\/wp-json\/wp\/v2\/media?parent=270"}],"wp:term":[{"taxonomy":"product_brand","embeddable":true,"href":"https:\/\/www.smoothstar.com\/es\/wp-json\/wp\/v2\/product_brand?post=270"},{"taxonomy":"product_cat","embeddable":true,"href":"https:\/\/www.smoothstar.com\/es\/wp-json\/wp\/v2\/product_cat?post=270"},{"taxonomy":"product_tag","embeddable":true,"href":"https:\/\/www.smoothstar.com\/es\/wp-json\/wp\/v2\/product_tag?post=270"}],"curies":[{"name":"wp","href":"https:\/\/api.w.org\/{rel}","templated":true}]}}