{"id":179,"date":"2020-08-28T06:01:37","date_gmt":"2020-08-28T04:01:37","guid":{"rendered":"https:\/\/www.smoothstar.com\/?post_type=product&#038;p=179"},"modified":"2021-08-16T05:25:24","modified_gmt":"2021-08-16T03:25:24","slug":"30%e2%80%b3-barracuda-blue-deck","status":"publish","type":"product","link":"https:\/\/www.smoothstar.com\/pt\/produto\/30%e2%80%b3-barracuda-blue-deck\/","title":{"rendered":"30\u2033 Barracuda (Blue) Deck"},"content":{"rendered":"","protected":false},"excerpt":{"rendered":"<p><strong>\u00c9 este o deck adequado para mim? <\/strong><\/p>\n<p>O deck Barracuda foi concebido para jovens surfistas at\u00e9 uma altura m\u00e1xima de 135cm. \u00c9 perfeito para come\u00e7ar um surf super-respons\u00e1vel, com curvas apertadas, que leva para qualquer lugar. Mas n\u00e3o se deixe enganar pelo seu tamanho. \u00c9 uma ferramenta s\u00e9ria de treino de surf concebida para crian\u00e7as mais novas que querem progredir e aperfei\u00e7oar a sua t\u00e9cnica, especialmente quando as ondas decidem ir de f\u00e9rias!<\/p>\n<p>O Barracuda \u00e9 uma das placas mais compactas da gama SmoothStar, tornando-a f\u00e1cil de transportar.<\/p>\n<p>Se tiver outro SmoothStar Thruster, pode fix\u00e1-lo facilmente a este conv\u00e9s.<\/p>\n<p>If you have another SmoothStar Thruster, you can fit it easily to this deck.<\/p>","protected":false},"featured_media":6919,"template":"","meta":{"_acf_changed":false},"product_brand":[],"product_cat":[24,23],"product_tag":[],"class_list":{"0":"post-179","1":"product","2":"type-product","3":"status-publish","4":"has-post-thumbnail","6":"product_cat-30-barracuda-blue-deck","7":"product_cat-decks","9":"first","10":"outofstock","11":"taxable","12":"shipping-taxable","13":"purchasable","14":"product-type-simple"},"acf":[],"yoast_head":"<!-- This site is optimized with the Yoast SEO plugin v27.0 - https:\/\/yoast.com\/product\/yoast-seo-wordpress\/ -->\n<title>30&quot; Barracuda Blue Deck SmoothStar Europe<\/title>\n<meta name=\"description\" content=\"The Barracuda blue deck is designed for young surfing groms up to max height 135cm. Designed by SmoothStar Europe, the world&#039;s best!\" \/>\n<meta name=\"robots\" content=\"index, follow, max-snippet:-1, max-image-preview:large, max-video-preview:-1\" \/>\n<link rel=\"canonical\" href=\"https:\/\/www.smoothstar.com\/pt\/produto\/30\u2033-barracuda-blue-deck\/\" \/>\n<meta property=\"og:locale\" content=\"pt_PT\" \/>\n<meta property=\"og:type\" content=\"article\" \/>\n<meta property=\"og:title\" content=\"30&quot; Barracuda Blue Deck SmoothStar Europe\" \/>\n<meta property=\"og:description\" content=\"The Barracuda blue deck is designed for young surfing groms up to max height 135cm. Designed by SmoothStar Europe, the world&#039;s best!\" \/>\n<meta property=\"og:url\" content=\"https:\/\/www.smoothstar.com\/pt\/produto\/30\u2033-barracuda-blue-deck\/\" \/>\n<meta property=\"og:site_name\" content=\"SmoothStar Europe\" \/>\n<meta property=\"article:publisher\" content=\"https:\/\/www.facebook.com\/smoothstarskate\/\" \/>\n<meta property=\"article:modified_time\" content=\"2021-08-16T03:25:24+00:00\" \/>\n<meta property=\"og:image\" content=\"https:\/\/www.smoothstar.com\/wp-content\/uploads\/2020\/09\/smoothstar_surfskate_surf_trainer_30_blue_barracuda_deck_all_view-LR.jpg\" \/>\n\t<meta property=\"og:image:width\" content=\"1600\" \/>\n\t<meta property=\"og:image:height\" content=\"1600\" \/>\n\t<meta property=\"og:image:type\" content=\"image\/jpeg\" \/>\n<meta name=\"twitter:card\" content=\"summary_large_image\" \/>\n<meta name=\"twitter:title\" content=\"30&quot; Barracuda Blue Deck SmoothStar Europe\" \/>\n<meta name=\"twitter:description\" content=\"The Barracuda blue deck is designed for young surfing groms up to max height 135cm. Designed by SmoothStar Europe, the world&#039;s best!\" \/>\n<meta name=\"twitter:image\" content=\"https:\/\/www.smoothstar.com\/wp-content\/uploads\/2020\/09\/smoothstar_surfskate_surf_trainer_30_blue_barracuda_deck_all_view-LR.jpg\" \/>\n<script type=\"application\/ld+json\" class=\"yoast-schema-graph\">{\"@context\":\"https:\/\/schema.org\",\"@graph\":[{\"@type\":\"WebPage\",\"@id\":\"https:\/\/www.smoothstar.com\/pt\/produto\/30%e2%80%b3-barracuda-blue-deck\/\",\"url\":\"https:\/\/www.smoothstar.com\/pt\/produto\/30%e2%80%b3-barracuda-blue-deck\/\",\"name\":\"30\\\" Barracuda Blue Deck SmoothStar Europe\",\"isPartOf\":{\"@id\":\"https:\/\/www.smoothstar.com\/#website\"},\"primaryImageOfPage\":{\"@id\":\"https:\/\/www.smoothstar.com\/pt\/produto\/30%e2%80%b3-barracuda-blue-deck\/#primaryimage\"},\"image\":{\"@id\":\"https:\/\/www.smoothstar.com\/pt\/produto\/30%e2%80%b3-barracuda-blue-deck\/#primaryimage\"},\"thumbnailUrl\":\"https:\/\/www.smoothstar.com\/wp-content\/uploads\/2020\/09\/smoothstar_surfskate_surf_trainer_30_blue_barracuda_deck_all_view-LR.jpg\",\"datePublished\":\"2020-08-28T04:01:37+00:00\",\"dateModified\":\"2021-08-16T03:25:24+00:00\",\"description\":\"The Barracuda blue deck is designed for young surfing groms up to max height 135cm. Designed by SmoothStar Europe, the world's best!\",\"breadcrumb\":{\"@id\":\"https:\/\/www.smoothstar.com\/pt\/produto\/30%e2%80%b3-barracuda-blue-deck\/#breadcrumb\"},\"inLanguage\":\"pt-PT\",\"potentialAction\":[{\"@type\":\"ReadAction\",\"target\":[\"https:\/\/www.smoothstar.com\/pt\/produto\/30%e2%80%b3-barracuda-blue-deck\/\"]}]},{\"@type\":\"ImageObject\",\"inLanguage\":\"pt-PT\",\"@id\":\"https:\/\/www.smoothstar.com\/pt\/produto\/30%e2%80%b3-barracuda-blue-deck\/#primaryimage\",\"url\":\"https:\/\/www.smoothstar.com\/wp-content\/uploads\/2020\/09\/smoothstar_surfskate_surf_trainer_30_blue_barracuda_deck_all_view-LR.jpg\",\"contentUrl\":\"https:\/\/www.smoothstar.com\/wp-content\/uploads\/2020\/09\/smoothstar_surfskate_surf_trainer_30_blue_barracuda_deck_all_view-LR.jpg\",\"width\":1600,\"height\":1600},{\"@type\":\"BreadcrumbList\",\"@id\":\"https:\/\/www.smoothstar.com\/pt\/produto\/30%e2%80%b3-barracuda-blue-deck\/#breadcrumb\",\"itemListElement\":[{\"@type\":\"ListItem\",\"position\":1,\"name\":\"Home\",\"item\":\"https:\/\/www.smoothstar.com\/\"},{\"@type\":\"ListItem\",\"position\":2,\"name\":\"Shop\",\"item\":\"https:\/\/www.smoothstar.com\/shop\/\"},{\"@type\":\"ListItem\",\"position\":3,\"name\":\"30\u2033 Barracuda (Blue) Deck\"}]},{\"@type\":\"WebSite\",\"@id\":\"https:\/\/www.smoothstar.com\/#website\",\"url\":\"https:\/\/www.smoothstar.com\/\",\"name\":\"SmoothStar Europe\",\"description\":\"Europe\",\"publisher\":{\"@id\":\"https:\/\/www.smoothstar.com\/#organization\"},\"potentialAction\":[{\"@type\":\"SearchAction\",\"target\":{\"@type\":\"EntryPoint\",\"urlTemplate\":\"https:\/\/www.smoothstar.com\/?s={search_term_string}\"},\"query-input\":{\"@type\":\"PropertyValueSpecification\",\"valueRequired\":true,\"valueName\":\"search_term_string\"}}],\"inLanguage\":\"pt-PT\"},{\"@type\":\"Organization\",\"@id\":\"https:\/\/www.smoothstar.com\/#organization\",\"name\":\"SmoothStar Europe s.r.o.\",\"url\":\"https:\/\/www.smoothstar.com\/\",\"logo\":{\"@type\":\"ImageObject\",\"inLanguage\":\"pt-PT\",\"@id\":\"https:\/\/www.smoothstar.com\/#\/schema\/logo\/image\/\",\"url\":\"https:\/\/www.smoothstar.com\/wp-content\/uploads\/2021\/05\/smoothstar-square-pixel.png\",\"contentUrl\":\"https:\/\/www.smoothstar.com\/wp-content\/uploads\/2021\/05\/smoothstar-square-pixel.png\",\"width\":512,\"height\":512,\"caption\":\"SmoothStar Europe s.r.o.\"},\"image\":{\"@id\":\"https:\/\/www.smoothstar.com\/#\/schema\/logo\/image\/\"},\"sameAs\":[\"https:\/\/www.facebook.com\/smoothstarskate\/\",\"https:\/\/www.instagram.com\/smoothstar\/\",\"https:\/\/www.youtube.com\/channel\/UCVqOqnZWdnEkF75C-27ApnQ\"]}]}<\/script>\n<!-- \/ Yoast SEO plugin. -->","yoast_head_json":{"title":"30\" Barracuda Blue Deck SmoothStar Europe","description":"The Barracuda blue deck is designed for young surfing groms up to max height 135cm. Designed by SmoothStar Europe, the world's best!","robots":{"index":"index","follow":"follow","max-snippet":"max-snippet:-1","max-image-preview":"max-image-preview:large","max-video-preview":"max-video-preview:-1"},"canonical":"https:\/\/www.smoothstar.com\/pt\/produto\/30\u2033-barracuda-blue-deck\/","og_locale":"pt_PT","og_type":"article","og_title":"30\" Barracuda Blue Deck SmoothStar Europe","og_description":"The Barracuda blue deck is designed for young surfing groms up to max height 135cm. Designed by SmoothStar Europe, the world's best!","og_url":"https:\/\/www.smoothstar.com\/pt\/produto\/30\u2033-barracuda-blue-deck\/","og_site_name":"SmoothStar Europe","article_publisher":"https:\/\/www.facebook.com\/smoothstarskate\/","article_modified_time":"2021-08-16T03:25:24+00:00","og_image":[{"width":1600,"height":1600,"url":"https:\/\/www.smoothstar.com\/wp-content\/uploads\/2020\/09\/smoothstar_surfskate_surf_trainer_30_blue_barracuda_deck_all_view-LR.jpg","type":"image\/jpeg"}],"twitter_card":"summary_large_image","twitter_title":"30\" Barracuda Blue Deck SmoothStar Europe","twitter_description":"The Barracuda blue deck is designed for young surfing groms up to max height 135cm. Designed by SmoothStar Europe, the world's best!","twitter_image":"https:\/\/www.smoothstar.com\/wp-content\/uploads\/2020\/09\/smoothstar_surfskate_surf_trainer_30_blue_barracuda_deck_all_view-LR.jpg","schema":{"@context":"https:\/\/schema.org","@graph":[{"@type":"WebPage","@id":"https:\/\/www.smoothstar.com\/pt\/produto\/30%e2%80%b3-barracuda-blue-deck\/","url":"https:\/\/www.smoothstar.com\/pt\/produto\/30%e2%80%b3-barracuda-blue-deck\/","name":"30\" Barracuda Blue Deck SmoothStar Europe","isPartOf":{"@id":"https:\/\/www.smoothstar.com\/#website"},"primaryImageOfPage":{"@id":"https:\/\/www.smoothstar.com\/pt\/produto\/30%e2%80%b3-barracuda-blue-deck\/#primaryimage"},"image":{"@id":"https:\/\/www.smoothstar.com\/pt\/produto\/30%e2%80%b3-barracuda-blue-deck\/#primaryimage"},"thumbnailUrl":"https:\/\/www.smoothstar.com\/wp-content\/uploads\/2020\/09\/smoothstar_surfskate_surf_trainer_30_blue_barracuda_deck_all_view-LR.jpg","datePublished":"2020-08-28T04:01:37+00:00","dateModified":"2021-08-16T03:25:24+00:00","description":"The Barracuda blue deck is designed for young surfing groms up to max height 135cm. Designed by SmoothStar Europe, the world's best!","breadcrumb":{"@id":"https:\/\/www.smoothstar.com\/pt\/produto\/30%e2%80%b3-barracuda-blue-deck\/#breadcrumb"},"inLanguage":"pt-PT","potentialAction":[{"@type":"ReadAction","target":["https:\/\/www.smoothstar.com\/pt\/produto\/30%e2%80%b3-barracuda-blue-deck\/"]}]},{"@type":"ImageObject","inLanguage":"pt-PT","@id":"https:\/\/www.smoothstar.com\/pt\/produto\/30%e2%80%b3-barracuda-blue-deck\/#primaryimage","url":"https:\/\/www.smoothstar.com\/wp-content\/uploads\/2020\/09\/smoothstar_surfskate_surf_trainer_30_blue_barracuda_deck_all_view-LR.jpg","contentUrl":"https:\/\/www.smoothstar.com\/wp-content\/uploads\/2020\/09\/smoothstar_surfskate_surf_trainer_30_blue_barracuda_deck_all_view-LR.jpg","width":1600,"height":1600},{"@type":"BreadcrumbList","@id":"https:\/\/www.smoothstar.com\/pt\/produto\/30%e2%80%b3-barracuda-blue-deck\/#breadcrumb","itemListElement":[{"@type":"ListItem","position":1,"name":"Home","item":"https:\/\/www.smoothstar.com\/"},{"@type":"ListItem","position":2,"name":"Shop","item":"https:\/\/www.smoothstar.com\/shop\/"},{"@type":"ListItem","position":3,"name":"30\u2033 Barracuda (Blue) Deck"}]},{"@type":"WebSite","@id":"https:\/\/www.smoothstar.com\/#website","url":"https:\/\/www.smoothstar.com\/","name":"SmoothStar Europe","description":"Europe","publisher":{"@id":"https:\/\/www.smoothstar.com\/#organization"},"potentialAction":[{"@type":"SearchAction","target":{"@type":"EntryPoint","urlTemplate":"https:\/\/www.smoothstar.com\/?s={search_term_string}"},"query-input":{"@type":"PropertyValueSpecification","valueRequired":true,"valueName":"search_term_string"}}],"inLanguage":"pt-PT"},{"@type":"Organization","@id":"https:\/\/www.smoothstar.com\/#organization","name":"SmoothStar Europe s.r.o.","url":"https:\/\/www.smoothstar.com\/","logo":{"@type":"ImageObject","inLanguage":"pt-PT","@id":"https:\/\/www.smoothstar.com\/#\/schema\/logo\/image\/","url":"https:\/\/www.smoothstar.com\/wp-content\/uploads\/2021\/05\/smoothstar-square-pixel.png","contentUrl":"https:\/\/www.smoothstar.com\/wp-content\/uploads\/2021\/05\/smoothstar-square-pixel.png","width":512,"height":512,"caption":"SmoothStar Europe s.r.o."},"image":{"@id":"https:\/\/www.smoothstar.com\/#\/schema\/logo\/image\/"},"sameAs":["https:\/\/www.facebook.com\/smoothstarskate\/","https:\/\/www.instagram.com\/smoothstar\/","https:\/\/www.youtube.com\/channel\/UCVqOqnZWdnEkF75C-27ApnQ"]}]}},"_links":{"self":[{"href":"https:\/\/www.smoothstar.com\/pt\/wp-json\/wp\/v2\/product\/179","targetHints":{"allow":["GET"]}}],"collection":[{"href":"https:\/\/www.smoothstar.com\/pt\/wp-json\/wp\/v2\/product"}],"about":[{"href":"https:\/\/www.smoothstar.com\/pt\/wp-json\/wp\/v2\/types\/product"}],"wp:featuredmedia":[{"embeddable":true,"href":"https:\/\/www.smoothstar.com\/pt\/wp-json\/wp\/v2\/media\/6919"}],"wp:attachment":[{"href":"https:\/\/www.smoothstar.com\/pt\/wp-json\/wp\/v2\/media?parent=179"}],"wp:term":[{"taxonomy":"product_brand","embeddable":true,"href":"https:\/\/www.smoothstar.com\/pt\/wp-json\/wp\/v2\/product_brand?post=179"},{"taxonomy":"product_cat","embeddable":true,"href":"https:\/\/www.smoothstar.com\/pt\/wp-json\/wp\/v2\/product_cat?post=179"},{"taxonomy":"product_tag","embeddable":true,"href":"https:\/\/www.smoothstar.com\/pt\/wp-json\/wp\/v2\/product_tag?post=179"}],"curies":[{"name":"wp","href":"https:\/\/api.w.org\/{rel}","templated":true}]}}