{"id":183,"date":"2020-08-28T06:34:25","date_gmt":"2020-08-28T04:34:25","guid":{"rendered":"https:\/\/www.smoothstar.com\/?post_type=product&#038;p=183"},"modified":"2021-08-16T05:21:25","modified_gmt":"2021-08-16T03:21:25","slug":"32%e2%80%b3-flying-fish-blue-deck","status":"publish","type":"product","link":"https:\/\/www.smoothstar.com\/pt\/produto\/32%e2%80%b3-flying-fish-blue-deck\/","title":{"rendered":"32\u2033 Flying Fish (Blue) Deck"},"content":{"rendered":"","protected":false},"excerpt":{"rendered":"<p><strong>Is this deck right for me? <\/strong><\/p>\n<p>O Flying Fish \u00e9 o modelo de groms. \u00c9 um treinador de surf super responsivo, com viragem brusca, perfeito para praticar aquelas manobras de surf, tais como viragem de fundo e cortes. O deck \u00e9 mais largo do que o Barracuda e ligeiramente c\u00f4ncavo, com um pontap\u00e9 de cauda de andorinha para permitir a realiza\u00e7\u00e3o de deslizes de cauda sem esfor\u00e7o e curvas de raio mais afiadas.<\/p>\n<p>Se tiver outro SmoothStar Thruster, pode fix\u00e1-lo facilmente a este conv\u00e9s.<\/p>","protected":false},"featured_media":6921,"template":"","meta":{"_acf_changed":false},"product_brand":[],"product_cat":[29,23],"product_tag":[],"class_list":{"0":"post-183","1":"product","2":"type-product","3":"status-publish","4":"has-post-thumbnail","6":"product_cat-32-flying-fish-blue-deck","7":"product_cat-decks","9":"first","10":"outofstock","11":"taxable","12":"shipping-taxable","13":"purchasable","14":"product-type-simple"},"acf":[],"yoast_head":"<!-- This site is optimized with the Yoast SEO plugin v27.0 - https:\/\/yoast.com\/product\/yoast-seo-wordpress\/ -->\n<title>32&quot; Flying Fish deck blue. SmoothStar Europe<\/title>\n<meta name=\"description\" content=\"The 32&quot; Flying Fish deck (blue) is suited to surfers that are between 9 - 13 years of age. Designed by SmoothStar Europe, the world&#039;s best!\" \/>\n<meta name=\"robots\" content=\"index, follow, max-snippet:-1, max-image-preview:large, max-video-preview:-1\" \/>\n<link rel=\"canonical\" href=\"https:\/\/www.smoothstar.com\/pt\/produto\/32\u2033-flying-fish-blue-deck\/\" \/>\n<meta property=\"og:locale\" content=\"pt_PT\" \/>\n<meta property=\"og:type\" content=\"article\" \/>\n<meta property=\"og:title\" content=\"32&quot; Flying Fish deck blue. SmoothStar Europe\" \/>\n<meta property=\"og:description\" content=\"The 32&quot; Flying Fish deck (blue) is suited to surfers that are between 9 - 13 years of age. Designed by SmoothStar Europe, the world&#039;s best!\" \/>\n<meta property=\"og:url\" content=\"https:\/\/www.smoothstar.com\/pt\/produto\/32\u2033-flying-fish-blue-deck\/\" \/>\n<meta property=\"og:site_name\" content=\"SmoothStar Europe\" \/>\n<meta property=\"article:publisher\" content=\"https:\/\/www.facebook.com\/smoothstarskate\/\" \/>\n<meta property=\"article:modified_time\" content=\"2021-08-16T03:21:25+00:00\" \/>\n<meta property=\"og:image\" content=\"https:\/\/www.smoothstar.com\/wp-content\/uploads\/2020\/09\/smoothstar_surfskate_surf_trainer_32_blue_flying_fish_deck_side_all_view-deck-LR.jpg\" \/>\n\t<meta property=\"og:image:width\" content=\"1600\" \/>\n\t<meta property=\"og:image:height\" content=\"1600\" \/>\n\t<meta property=\"og:image:type\" content=\"image\/jpeg\" \/>\n<meta name=\"twitter:card\" content=\"summary_large_image\" \/>\n<meta name=\"twitter:title\" content=\"32&quot; Flying Fish deck blue. SmoothStar Europe\" \/>\n<meta name=\"twitter:description\" content=\"The 32&quot; Flying Fish deck (blue) is suited to surfers that are between 9 - 13 years of age. Designed by SmoothStar Europe, the world&#039;s best!\" \/>\n<meta name=\"twitter:image\" content=\"https:\/\/www.smoothstar.com\/wp-content\/uploads\/2020\/09\/smoothstar_surfskate_surf_trainer_32_blue_flying_fish_deck_side_all_view-deck-LR.jpg\" \/>\n<script type=\"application\/ld+json\" class=\"yoast-schema-graph\">{\"@context\":\"https:\/\/schema.org\",\"@graph\":[{\"@type\":\"WebPage\",\"@id\":\"https:\/\/www.smoothstar.com\/pt\/produto\/32%e2%80%b3-flying-fish-blue-deck\/\",\"url\":\"https:\/\/www.smoothstar.com\/pt\/produto\/32%e2%80%b3-flying-fish-blue-deck\/\",\"name\":\"32\\\" Flying Fish deck blue. SmoothStar Europe\",\"isPartOf\":{\"@id\":\"https:\/\/www.smoothstar.com\/#website\"},\"primaryImageOfPage\":{\"@id\":\"https:\/\/www.smoothstar.com\/pt\/produto\/32%e2%80%b3-flying-fish-blue-deck\/#primaryimage\"},\"image\":{\"@id\":\"https:\/\/www.smoothstar.com\/pt\/produto\/32%e2%80%b3-flying-fish-blue-deck\/#primaryimage\"},\"thumbnailUrl\":\"https:\/\/www.smoothstar.com\/wp-content\/uploads\/2020\/09\/smoothstar_surfskate_surf_trainer_32_blue_flying_fish_deck_side_all_view-deck-LR.jpg\",\"datePublished\":\"2020-08-28T04:34:25+00:00\",\"dateModified\":\"2021-08-16T03:21:25+00:00\",\"description\":\"The 32\\\" Flying Fish deck (blue) is suited to surfers that are between 9 - 13 years of age. Designed by SmoothStar Europe, the world's best!\",\"breadcrumb\":{\"@id\":\"https:\/\/www.smoothstar.com\/pt\/produto\/32%e2%80%b3-flying-fish-blue-deck\/#breadcrumb\"},\"inLanguage\":\"pt-PT\",\"potentialAction\":[{\"@type\":\"ReadAction\",\"target\":[\"https:\/\/www.smoothstar.com\/pt\/produto\/32%e2%80%b3-flying-fish-blue-deck\/\"]}]},{\"@type\":\"ImageObject\",\"inLanguage\":\"pt-PT\",\"@id\":\"https:\/\/www.smoothstar.com\/pt\/produto\/32%e2%80%b3-flying-fish-blue-deck\/#primaryimage\",\"url\":\"https:\/\/www.smoothstar.com\/wp-content\/uploads\/2020\/09\/smoothstar_surfskate_surf_trainer_32_blue_flying_fish_deck_side_all_view-deck-LR.jpg\",\"contentUrl\":\"https:\/\/www.smoothstar.com\/wp-content\/uploads\/2020\/09\/smoothstar_surfskate_surf_trainer_32_blue_flying_fish_deck_side_all_view-deck-LR.jpg\",\"width\":1600,\"height\":1600},{\"@type\":\"BreadcrumbList\",\"@id\":\"https:\/\/www.smoothstar.com\/pt\/produto\/32%e2%80%b3-flying-fish-blue-deck\/#breadcrumb\",\"itemListElement\":[{\"@type\":\"ListItem\",\"position\":1,\"name\":\"Home\",\"item\":\"https:\/\/www.smoothstar.com\/\"},{\"@type\":\"ListItem\",\"position\":2,\"name\":\"Shop\",\"item\":\"https:\/\/www.smoothstar.com\/shop\/\"},{\"@type\":\"ListItem\",\"position\":3,\"name\":\"32\u2033 Flying Fish (Blue) Deck\"}]},{\"@type\":\"WebSite\",\"@id\":\"https:\/\/www.smoothstar.com\/#website\",\"url\":\"https:\/\/www.smoothstar.com\/\",\"name\":\"SmoothStar Europe\",\"description\":\"Europe\",\"publisher\":{\"@id\":\"https:\/\/www.smoothstar.com\/#organization\"},\"potentialAction\":[{\"@type\":\"SearchAction\",\"target\":{\"@type\":\"EntryPoint\",\"urlTemplate\":\"https:\/\/www.smoothstar.com\/?s={search_term_string}\"},\"query-input\":{\"@type\":\"PropertyValueSpecification\",\"valueRequired\":true,\"valueName\":\"search_term_string\"}}],\"inLanguage\":\"pt-PT\"},{\"@type\":\"Organization\",\"@id\":\"https:\/\/www.smoothstar.com\/#organization\",\"name\":\"SmoothStar Europe s.r.o.\",\"url\":\"https:\/\/www.smoothstar.com\/\",\"logo\":{\"@type\":\"ImageObject\",\"inLanguage\":\"pt-PT\",\"@id\":\"https:\/\/www.smoothstar.com\/#\/schema\/logo\/image\/\",\"url\":\"https:\/\/www.smoothstar.com\/wp-content\/uploads\/2021\/05\/smoothstar-square-pixel.png\",\"contentUrl\":\"https:\/\/www.smoothstar.com\/wp-content\/uploads\/2021\/05\/smoothstar-square-pixel.png\",\"width\":512,\"height\":512,\"caption\":\"SmoothStar Europe s.r.o.\"},\"image\":{\"@id\":\"https:\/\/www.smoothstar.com\/#\/schema\/logo\/image\/\"},\"sameAs\":[\"https:\/\/www.facebook.com\/smoothstarskate\/\",\"https:\/\/www.instagram.com\/smoothstar\/\",\"https:\/\/www.youtube.com\/channel\/UCVqOqnZWdnEkF75C-27ApnQ\"]}]}<\/script>\n<!-- \/ Yoast SEO plugin. -->","yoast_head_json":{"title":"32\" Flying Fish deck blue. SmoothStar Europe","description":"The 32\" Flying Fish deck (blue) is suited to surfers that are between 9 - 13 years of age. Designed by SmoothStar Europe, the world's best!","robots":{"index":"index","follow":"follow","max-snippet":"max-snippet:-1","max-image-preview":"max-image-preview:large","max-video-preview":"max-video-preview:-1"},"canonical":"https:\/\/www.smoothstar.com\/pt\/produto\/32\u2033-flying-fish-blue-deck\/","og_locale":"pt_PT","og_type":"article","og_title":"32\" Flying Fish deck blue. SmoothStar Europe","og_description":"The 32\" Flying Fish deck (blue) is suited to surfers that are between 9 - 13 years of age. Designed by SmoothStar Europe, the world's best!","og_url":"https:\/\/www.smoothstar.com\/pt\/produto\/32\u2033-flying-fish-blue-deck\/","og_site_name":"SmoothStar Europe","article_publisher":"https:\/\/www.facebook.com\/smoothstarskate\/","article_modified_time":"2021-08-16T03:21:25+00:00","og_image":[{"width":1600,"height":1600,"url":"https:\/\/www.smoothstar.com\/wp-content\/uploads\/2020\/09\/smoothstar_surfskate_surf_trainer_32_blue_flying_fish_deck_side_all_view-deck-LR.jpg","type":"image\/jpeg"}],"twitter_card":"summary_large_image","twitter_title":"32\" Flying Fish deck blue. SmoothStar Europe","twitter_description":"The 32\" Flying Fish deck (blue) is suited to surfers that are between 9 - 13 years of age. Designed by SmoothStar Europe, the world's best!","twitter_image":"https:\/\/www.smoothstar.com\/wp-content\/uploads\/2020\/09\/smoothstar_surfskate_surf_trainer_32_blue_flying_fish_deck_side_all_view-deck-LR.jpg","schema":{"@context":"https:\/\/schema.org","@graph":[{"@type":"WebPage","@id":"https:\/\/www.smoothstar.com\/pt\/produto\/32%e2%80%b3-flying-fish-blue-deck\/","url":"https:\/\/www.smoothstar.com\/pt\/produto\/32%e2%80%b3-flying-fish-blue-deck\/","name":"32\" Flying Fish deck blue. SmoothStar Europe","isPartOf":{"@id":"https:\/\/www.smoothstar.com\/#website"},"primaryImageOfPage":{"@id":"https:\/\/www.smoothstar.com\/pt\/produto\/32%e2%80%b3-flying-fish-blue-deck\/#primaryimage"},"image":{"@id":"https:\/\/www.smoothstar.com\/pt\/produto\/32%e2%80%b3-flying-fish-blue-deck\/#primaryimage"},"thumbnailUrl":"https:\/\/www.smoothstar.com\/wp-content\/uploads\/2020\/09\/smoothstar_surfskate_surf_trainer_32_blue_flying_fish_deck_side_all_view-deck-LR.jpg","datePublished":"2020-08-28T04:34:25+00:00","dateModified":"2021-08-16T03:21:25+00:00","description":"The 32\" Flying Fish deck (blue) is suited to surfers that are between 9 - 13 years of age. Designed by SmoothStar Europe, the world's best!","breadcrumb":{"@id":"https:\/\/www.smoothstar.com\/pt\/produto\/32%e2%80%b3-flying-fish-blue-deck\/#breadcrumb"},"inLanguage":"pt-PT","potentialAction":[{"@type":"ReadAction","target":["https:\/\/www.smoothstar.com\/pt\/produto\/32%e2%80%b3-flying-fish-blue-deck\/"]}]},{"@type":"ImageObject","inLanguage":"pt-PT","@id":"https:\/\/www.smoothstar.com\/pt\/produto\/32%e2%80%b3-flying-fish-blue-deck\/#primaryimage","url":"https:\/\/www.smoothstar.com\/wp-content\/uploads\/2020\/09\/smoothstar_surfskate_surf_trainer_32_blue_flying_fish_deck_side_all_view-deck-LR.jpg","contentUrl":"https:\/\/www.smoothstar.com\/wp-content\/uploads\/2020\/09\/smoothstar_surfskate_surf_trainer_32_blue_flying_fish_deck_side_all_view-deck-LR.jpg","width":1600,"height":1600},{"@type":"BreadcrumbList","@id":"https:\/\/www.smoothstar.com\/pt\/produto\/32%e2%80%b3-flying-fish-blue-deck\/#breadcrumb","itemListElement":[{"@type":"ListItem","position":1,"name":"Home","item":"https:\/\/www.smoothstar.com\/"},{"@type":"ListItem","position":2,"name":"Shop","item":"https:\/\/www.smoothstar.com\/shop\/"},{"@type":"ListItem","position":3,"name":"32\u2033 Flying Fish (Blue) Deck"}]},{"@type":"WebSite","@id":"https:\/\/www.smoothstar.com\/#website","url":"https:\/\/www.smoothstar.com\/","name":"SmoothStar Europe","description":"Europe","publisher":{"@id":"https:\/\/www.smoothstar.com\/#organization"},"potentialAction":[{"@type":"SearchAction","target":{"@type":"EntryPoint","urlTemplate":"https:\/\/www.smoothstar.com\/?s={search_term_string}"},"query-input":{"@type":"PropertyValueSpecification","valueRequired":true,"valueName":"search_term_string"}}],"inLanguage":"pt-PT"},{"@type":"Organization","@id":"https:\/\/www.smoothstar.com\/#organization","name":"SmoothStar Europe s.r.o.","url":"https:\/\/www.smoothstar.com\/","logo":{"@type":"ImageObject","inLanguage":"pt-PT","@id":"https:\/\/www.smoothstar.com\/#\/schema\/logo\/image\/","url":"https:\/\/www.smoothstar.com\/wp-content\/uploads\/2021\/05\/smoothstar-square-pixel.png","contentUrl":"https:\/\/www.smoothstar.com\/wp-content\/uploads\/2021\/05\/smoothstar-square-pixel.png","width":512,"height":512,"caption":"SmoothStar Europe s.r.o."},"image":{"@id":"https:\/\/www.smoothstar.com\/#\/schema\/logo\/image\/"},"sameAs":["https:\/\/www.facebook.com\/smoothstarskate\/","https:\/\/www.instagram.com\/smoothstar\/","https:\/\/www.youtube.com\/channel\/UCVqOqnZWdnEkF75C-27ApnQ"]}]}},"_links":{"self":[{"href":"https:\/\/www.smoothstar.com\/pt\/wp-json\/wp\/v2\/product\/183","targetHints":{"allow":["GET"]}}],"collection":[{"href":"https:\/\/www.smoothstar.com\/pt\/wp-json\/wp\/v2\/product"}],"about":[{"href":"https:\/\/www.smoothstar.com\/pt\/wp-json\/wp\/v2\/types\/product"}],"wp:featuredmedia":[{"embeddable":true,"href":"https:\/\/www.smoothstar.com\/pt\/wp-json\/wp\/v2\/media\/6921"}],"wp:attachment":[{"href":"https:\/\/www.smoothstar.com\/pt\/wp-json\/wp\/v2\/media?parent=183"}],"wp:term":[{"taxonomy":"product_brand","embeddable":true,"href":"https:\/\/www.smoothstar.com\/pt\/wp-json\/wp\/v2\/product_brand?post=183"},{"taxonomy":"product_cat","embeddable":true,"href":"https:\/\/www.smoothstar.com\/pt\/wp-json\/wp\/v2\/product_cat?post=183"},{"taxonomy":"product_tag","embeddable":true,"href":"https:\/\/www.smoothstar.com\/pt\/wp-json\/wp\/v2\/product_tag?post=183"}],"curies":[{"name":"wp","href":"https:\/\/api.w.org\/{rel}","templated":true}]}}