{"id":19935,"date":"2022-12-05T07:58:40","date_gmt":"2022-12-05T06:58:40","guid":{"rendered":"https:\/\/www.smoothstar.com\/product\/31%e2%80%b3-johanne-defay-teal-white-thd\/"},"modified":"2026-04-16T17:05:07","modified_gmt":"2026-04-16T15:05:07","slug":"31%e2%80%b3-johanne-defay-teal-white-thd","status":"publish","type":"product","link":"https:\/\/www.smoothstar.com\/pt\/produto\/31%e2%80%b3-johanne-defay-teal-white-thd\/","title":{"rendered":"31\u2033 Johanne Defay \u2013 TEAL &#038; WHITE (THD)"},"content":{"rendered":"<p><strong>Product Description<\/strong><\/p>\n<p>The 31\u2033 Johanne Defay Pro model\u00a0 with Thruster is signature pro model of pro surfer Johanne Defay. It has been closely developed with Johanne as it mimics her powerful carving surf turns. The 31\u2033 model has the deepest concave of all of the smaller high performance models under 32.5\u2033. The deeper concave enables riders to hold the rail more than other models and helps maintain compression through the turn, just like surfing.<\/p>","protected":false},"excerpt":{"rendered":"<p><strong>Ser\u00e1 este o SmoothStar certo para mim?<\/strong><\/p>\n<p>A t\u00e1bua da Johanne \u00e9 adequada para groms com mais de 155cm e adultos com menos de 181cm. Este modelo SmoothStar \u00e9 ideal para o surfista que \u00e9 de altura m\u00e9dia e que quer realizar todas as manobras de escultura, tais como: Voltas \u00e0 casa redondas, curvas de escultura e curvas de \"Grab Rail\".<\/p>","protected":false},"featured_media":19944,"template":"","meta":{"_acf_changed":false},"product_brand":[],"product_cat":[174,17,175,176],"product_tag":[],"class_list":{"0":"post-19935","1":"product","2":"type-product","3":"status-publish","4":"has-post-thumbnail","6":"product_cat-31-johanne-defay","7":"product_cat-complete-smoothstars","8":"product_cat-liveproducts","9":"product_cat-thruster-d","10":"product_shipping_class-completes","12":"first","13":"instock","14":"taxable","15":"shipping-taxable","16":"purchasable","17":"product-type-simple"},"acf":[],"yoast_head":"<!-- This site is optimized with the Yoast SEO plugin v27.0 - https:\/\/yoast.com\/product\/yoast-seo-wordpress\/ -->\n<title>31\u2033 Johanne Defay \u2013 TEAL &amp; WHITE (THD) | SmoothStar Europe<\/title>\n<meta name=\"robots\" content=\"index, follow, max-snippet:-1, max-image-preview:large, max-video-preview:-1\" \/>\n<link rel=\"canonical\" href=\"https:\/\/www.smoothstar.com\/pt\/produto\/31\u2033-johanne-defay-teal-white-thd\/\" \/>\n<meta property=\"og:locale\" content=\"pt_PT\" \/>\n<meta property=\"og:type\" content=\"article\" \/>\n<meta property=\"og:title\" content=\"31\u2033 Johanne Defay \u2013 TEAL &amp; WHITE (THD) | SmoothStar Europe\" \/>\n<meta property=\"og:description\" content=\"Is this SmoothStar right for me?  Johanne\u2019s board is suitable for groms over 155cm and adults under 181cm. This model SmoothStar is ideal for the surfer who is of average height and who wants to perform all the carving maneuvers such as: Round House Turns, Drawn out Carves and Grab Rail turns.\" \/>\n<meta property=\"og:url\" content=\"https:\/\/www.smoothstar.com\/pt\/produto\/31\u2033-johanne-defay-teal-white-thd\/\" \/>\n<meta property=\"og:site_name\" content=\"SmoothStar Europe\" \/>\n<meta property=\"article:publisher\" content=\"https:\/\/www.facebook.com\/smoothstarskate\/\" \/>\n<meta property=\"article:modified_time\" content=\"2026-04-16T15:05:07+00:00\" \/>\n<meta property=\"og:image\" content=\"https:\/\/www.smoothstar.com\/wp-content\/uploads\/2022\/12\/LR_smoothstar_surfskate_surf_trainer_31_johanne_defay_complete_all_view_white.jpg\" \/>\n\t<meta property=\"og:image:width\" content=\"1600\" \/>\n\t<meta property=\"og:image:height\" content=\"1600\" \/>\n\t<meta property=\"og:image:type\" content=\"image\/jpeg\" \/>\n<meta name=\"twitter:card\" content=\"summary_large_image\" \/>\n<meta name=\"twitter:label1\" content=\"Tempo estimado de leitura\" \/>\n\t<meta name=\"twitter:data1\" content=\"4 minutos\" \/>\n<script type=\"application\/ld+json\" class=\"yoast-schema-graph\">{\"@context\":\"https:\/\/schema.org\",\"@graph\":[{\"@type\":\"WebPage\",\"@id\":\"https:\/\/www.smoothstar.com\/product\/31%e2%80%b3-johanne-defay-teal-white-thd\/\",\"url\":\"https:\/\/www.smoothstar.com\/product\/31%e2%80%b3-johanne-defay-teal-white-thd\/\",\"name\":\"31\u2033 Johanne Defay \u2013 TEAL & WHITE (THD) | SmoothStar Europe\",\"isPartOf\":{\"@id\":\"https:\/\/www.smoothstar.com\/#website\"},\"primaryImageOfPage\":{\"@id\":\"https:\/\/www.smoothstar.com\/product\/31%e2%80%b3-johanne-defay-teal-white-thd\/#primaryimage\"},\"image\":{\"@id\":\"https:\/\/www.smoothstar.com\/product\/31%e2%80%b3-johanne-defay-teal-white-thd\/#primaryimage\"},\"thumbnailUrl\":\"https:\/\/www.smoothstar.com\/wp-content\/uploads\/2022\/12\/LR_smoothstar_surfskate_surf_trainer_31_johanne_defay_complete_all_view_white.jpg\",\"datePublished\":\"2022-12-05T06:58:40+00:00\",\"dateModified\":\"2026-04-16T15:05:07+00:00\",\"breadcrumb\":{\"@id\":\"https:\/\/www.smoothstar.com\/product\/31%e2%80%b3-johanne-defay-teal-white-thd\/#breadcrumb\"},\"inLanguage\":\"pt-PT\",\"potentialAction\":[{\"@type\":\"ReadAction\",\"target\":[\"https:\/\/www.smoothstar.com\/product\/31%e2%80%b3-johanne-defay-teal-white-thd\/\"]}]},{\"@type\":\"ImageObject\",\"inLanguage\":\"pt-PT\",\"@id\":\"https:\/\/www.smoothstar.com\/product\/31%e2%80%b3-johanne-defay-teal-white-thd\/#primaryimage\",\"url\":\"https:\/\/www.smoothstar.com\/wp-content\/uploads\/2022\/12\/LR_smoothstar_surfskate_surf_trainer_31_johanne_defay_complete_all_view_white.jpg\",\"contentUrl\":\"https:\/\/www.smoothstar.com\/wp-content\/uploads\/2022\/12\/LR_smoothstar_surfskate_surf_trainer_31_johanne_defay_complete_all_view_white.jpg\",\"width\":1600,\"height\":1600},{\"@type\":\"BreadcrumbList\",\"@id\":\"https:\/\/www.smoothstar.com\/product\/31%e2%80%b3-johanne-defay-teal-white-thd\/#breadcrumb\",\"itemListElement\":[{\"@type\":\"ListItem\",\"position\":1,\"name\":\"Home\",\"item\":\"https:\/\/www.smoothstar.com\/\"},{\"@type\":\"ListItem\",\"position\":2,\"name\":\"Shop\",\"item\":\"https:\/\/www.smoothstar.com\/shop\/\"},{\"@type\":\"ListItem\",\"position\":3,\"name\":\"31\u2033 Johanne Defay \u2013 TEAL &#038; WHITE (THD)\"}]},{\"@type\":\"WebSite\",\"@id\":\"https:\/\/www.smoothstar.com\/#website\",\"url\":\"https:\/\/www.smoothstar.com\/\",\"name\":\"SmoothStar Europe\",\"description\":\"Europe\",\"publisher\":{\"@id\":\"https:\/\/www.smoothstar.com\/#organization\"},\"potentialAction\":[{\"@type\":\"SearchAction\",\"target\":{\"@type\":\"EntryPoint\",\"urlTemplate\":\"https:\/\/www.smoothstar.com\/?s={search_term_string}\"},\"query-input\":{\"@type\":\"PropertyValueSpecification\",\"valueRequired\":true,\"valueName\":\"search_term_string\"}}],\"inLanguage\":\"pt-PT\"},{\"@type\":\"Organization\",\"@id\":\"https:\/\/www.smoothstar.com\/#organization\",\"name\":\"SmoothStar Europe s.r.o.\",\"url\":\"https:\/\/www.smoothstar.com\/\",\"logo\":{\"@type\":\"ImageObject\",\"inLanguage\":\"pt-PT\",\"@id\":\"https:\/\/www.smoothstar.com\/#\/schema\/logo\/image\/\",\"url\":\"https:\/\/www.smoothstar.com\/wp-content\/uploads\/2021\/05\/smoothstar-square-pixel.png\",\"contentUrl\":\"https:\/\/www.smoothstar.com\/wp-content\/uploads\/2021\/05\/smoothstar-square-pixel.png\",\"width\":512,\"height\":512,\"caption\":\"SmoothStar Europe s.r.o.\"},\"image\":{\"@id\":\"https:\/\/www.smoothstar.com\/#\/schema\/logo\/image\/\"},\"sameAs\":[\"https:\/\/www.facebook.com\/smoothstarskate\/\",\"https:\/\/www.instagram.com\/smoothstar\/\",\"https:\/\/www.youtube.com\/channel\/UCVqOqnZWdnEkF75C-27ApnQ\"]}]}<\/script>\n<!-- \/ Yoast SEO plugin. -->","yoast_head_json":{"title":"31\u2033 Johanne Defay \u2013 TEAL & WHITE (THD) | SmoothStar Europe","robots":{"index":"index","follow":"follow","max-snippet":"max-snippet:-1","max-image-preview":"max-image-preview:large","max-video-preview":"max-video-preview:-1"},"canonical":"https:\/\/www.smoothstar.com\/pt\/produto\/31\u2033-johanne-defay-teal-white-thd\/","og_locale":"pt_PT","og_type":"article","og_title":"31\u2033 Johanne Defay \u2013 TEAL & WHITE (THD) | SmoothStar Europe","og_description":"Is this SmoothStar right for me?  Johanne\u2019s board is suitable for groms over 155cm and adults under 181cm. This model SmoothStar is ideal for the surfer who is of average height and who wants to perform all the carving maneuvers such as: Round House Turns, Drawn out Carves and Grab Rail turns.","og_url":"https:\/\/www.smoothstar.com\/pt\/produto\/31\u2033-johanne-defay-teal-white-thd\/","og_site_name":"SmoothStar Europe","article_publisher":"https:\/\/www.facebook.com\/smoothstarskate\/","article_modified_time":"2026-04-16T15:05:07+00:00","og_image":[{"width":1600,"height":1600,"url":"https:\/\/www.smoothstar.com\/wp-content\/uploads\/2022\/12\/LR_smoothstar_surfskate_surf_trainer_31_johanne_defay_complete_all_view_white.jpg","type":"image\/jpeg"}],"twitter_card":"summary_large_image","twitter_misc":{"Tempo estimado de leitura":"4 minutos"},"schema":{"@context":"https:\/\/schema.org","@graph":[{"@type":"WebPage","@id":"https:\/\/www.smoothstar.com\/product\/31%e2%80%b3-johanne-defay-teal-white-thd\/","url":"https:\/\/www.smoothstar.com\/product\/31%e2%80%b3-johanne-defay-teal-white-thd\/","name":"31\u2033 Johanne Defay \u2013 TEAL & WHITE (THD) | SmoothStar Europe","isPartOf":{"@id":"https:\/\/www.smoothstar.com\/#website"},"primaryImageOfPage":{"@id":"https:\/\/www.smoothstar.com\/product\/31%e2%80%b3-johanne-defay-teal-white-thd\/#primaryimage"},"image":{"@id":"https:\/\/www.smoothstar.com\/product\/31%e2%80%b3-johanne-defay-teal-white-thd\/#primaryimage"},"thumbnailUrl":"https:\/\/www.smoothstar.com\/wp-content\/uploads\/2022\/12\/LR_smoothstar_surfskate_surf_trainer_31_johanne_defay_complete_all_view_white.jpg","datePublished":"2022-12-05T06:58:40+00:00","dateModified":"2026-04-16T15:05:07+00:00","breadcrumb":{"@id":"https:\/\/www.smoothstar.com\/product\/31%e2%80%b3-johanne-defay-teal-white-thd\/#breadcrumb"},"inLanguage":"pt-PT","potentialAction":[{"@type":"ReadAction","target":["https:\/\/www.smoothstar.com\/product\/31%e2%80%b3-johanne-defay-teal-white-thd\/"]}]},{"@type":"ImageObject","inLanguage":"pt-PT","@id":"https:\/\/www.smoothstar.com\/product\/31%e2%80%b3-johanne-defay-teal-white-thd\/#primaryimage","url":"https:\/\/www.smoothstar.com\/wp-content\/uploads\/2022\/12\/LR_smoothstar_surfskate_surf_trainer_31_johanne_defay_complete_all_view_white.jpg","contentUrl":"https:\/\/www.smoothstar.com\/wp-content\/uploads\/2022\/12\/LR_smoothstar_surfskate_surf_trainer_31_johanne_defay_complete_all_view_white.jpg","width":1600,"height":1600},{"@type":"BreadcrumbList","@id":"https:\/\/www.smoothstar.com\/product\/31%e2%80%b3-johanne-defay-teal-white-thd\/#breadcrumb","itemListElement":[{"@type":"ListItem","position":1,"name":"Home","item":"https:\/\/www.smoothstar.com\/"},{"@type":"ListItem","position":2,"name":"Shop","item":"https:\/\/www.smoothstar.com\/shop\/"},{"@type":"ListItem","position":3,"name":"31\u2033 Johanne Defay \u2013 TEAL &#038; WHITE (THD)"}]},{"@type":"WebSite","@id":"https:\/\/www.smoothstar.com\/#website","url":"https:\/\/www.smoothstar.com\/","name":"SmoothStar Europe","description":"Europe","publisher":{"@id":"https:\/\/www.smoothstar.com\/#organization"},"potentialAction":[{"@type":"SearchAction","target":{"@type":"EntryPoint","urlTemplate":"https:\/\/www.smoothstar.com\/?s={search_term_string}"},"query-input":{"@type":"PropertyValueSpecification","valueRequired":true,"valueName":"search_term_string"}}],"inLanguage":"pt-PT"},{"@type":"Organization","@id":"https:\/\/www.smoothstar.com\/#organization","name":"SmoothStar Europe s.r.o.","url":"https:\/\/www.smoothstar.com\/","logo":{"@type":"ImageObject","inLanguage":"pt-PT","@id":"https:\/\/www.smoothstar.com\/#\/schema\/logo\/image\/","url":"https:\/\/www.smoothstar.com\/wp-content\/uploads\/2021\/05\/smoothstar-square-pixel.png","contentUrl":"https:\/\/www.smoothstar.com\/wp-content\/uploads\/2021\/05\/smoothstar-square-pixel.png","width":512,"height":512,"caption":"SmoothStar Europe s.r.o."},"image":{"@id":"https:\/\/www.smoothstar.com\/#\/schema\/logo\/image\/"},"sameAs":["https:\/\/www.facebook.com\/smoothstarskate\/","https:\/\/www.instagram.com\/smoothstar\/","https:\/\/www.youtube.com\/channel\/UCVqOqnZWdnEkF75C-27ApnQ"]}]}},"_links":{"self":[{"href":"https:\/\/www.smoothstar.com\/pt\/wp-json\/wp\/v2\/product\/19935","targetHints":{"allow":["GET"]}}],"collection":[{"href":"https:\/\/www.smoothstar.com\/pt\/wp-json\/wp\/v2\/product"}],"about":[{"href":"https:\/\/www.smoothstar.com\/pt\/wp-json\/wp\/v2\/types\/product"}],"wp:featuredmedia":[{"embeddable":true,"href":"https:\/\/www.smoothstar.com\/pt\/wp-json\/wp\/v2\/media\/19944"}],"wp:attachment":[{"href":"https:\/\/www.smoothstar.com\/pt\/wp-json\/wp\/v2\/media?parent=19935"}],"wp:term":[{"taxonomy":"product_brand","embeddable":true,"href":"https:\/\/www.smoothstar.com\/pt\/wp-json\/wp\/v2\/product_brand?post=19935"},{"taxonomy":"product_cat","embeddable":true,"href":"https:\/\/www.smoothstar.com\/pt\/wp-json\/wp\/v2\/product_cat?post=19935"},{"taxonomy":"product_tag","embeddable":true,"href":"https:\/\/www.smoothstar.com\/pt\/wp-json\/wp\/v2\/product_tag?post=19935"}],"curies":[{"name":"wp","href":"https:\/\/api.w.org\/{rel}","templated":true}]}}