{"id":20437,"date":"2022-12-11T13:31:23","date_gmt":"2022-12-11T12:31:23","guid":{"rendered":"https:\/\/www.smoothstar.com\/product\/37%e2%80%b3-smoothstar-dolphin-cruiser-longboard-ii-thd-2\/"},"modified":"2026-04-21T16:10:00","modified_gmt":"2026-04-21T14:10:00","slug":"37%e2%80%b3-smoothstar-dolphin-cruiser-longboard-ii-thd-2","status":"publish","type":"product","link":"https:\/\/www.smoothstar.com\/pt\/produto\/37%e2%80%b3-smoothstar-dolphin-cruiser-longboard-ii-thd-2\/","title":{"rendered":"37\u2033 SmoothStar Dolphin Cruiser Longboard II THD"},"content":{"rendered":"","protected":false},"excerpt":{"rendered":"<h3>Ser\u00e1 este o SmoothStar certo para mim?<\/h3>\n<p>Gosta de cruise? Se sim, bem-vindo de volta \u00e0 forma tradicional de skateboarding com o modelo 39\u2033 Dolphin. Fazendo curvas longas e desenhadas \u00e9 onde o novo cruzador de longboard 39\u2033 se sobressai. Tem um deck largo, ligeiramente c\u00f4ncavo, que se afunila at\u00e9 um kicker traseiro m\u00e9dio. Isto d\u00e1-lhe um melhor controlo ao esculpir ou deslizar por declives \u00edngremes, e as rodas de borracha de 50mm de largura proporcionam \u00e0 prancha uma estabilidade extra e uma ader\u00eancia superior.<\/p>","protected":false},"featured_media":20130,"template":"","meta":{"_acf_changed":false},"product_brand":[],"product_cat":[185,17,175,176],"product_tag":[],"class_list":{"0":"post-20437","1":"product","2":"type-product","3":"status-publish","4":"has-post-thumbnail","6":"product_cat-37-dolphin-cruiser","7":"product_cat-complete-smoothstars","8":"product_cat-liveproducts","9":"product_cat-thruster-d","10":"product_shipping_class-completes","12":"first","13":"instock","14":"taxable","15":"shipping-taxable","16":"purchasable","17":"product-type-simple"},"acf":[],"yoast_head":"<!-- This site is optimized with the Yoast SEO plugin v27.0 - https:\/\/yoast.com\/product\/yoast-seo-wordpress\/ -->\n<title>37\u2033 SmoothStar Dolphin Cruiser Longboard II THD | SmoothStar Europe<\/title>\n<meta name=\"robots\" content=\"index, follow, max-snippet:-1, max-image-preview:large, max-video-preview:-1\" \/>\n<link rel=\"canonical\" href=\"https:\/\/www.smoothstar.com\/pt\/produto\/37\u2033-smoothstar-dolphin-cruiser-longboard-ii-thd-2\/\" \/>\n<meta property=\"og:locale\" content=\"pt_PT\" \/>\n<meta property=\"og:type\" content=\"article\" \/>\n<meta property=\"og:title\" content=\"37\u2033 SmoothStar Dolphin Cruiser Longboard II THD | SmoothStar Europe\" \/>\n<meta property=\"og:description\" content=\"Is this SmoothStar right for me? Do you love to cruise? If so, welcome back to the traditional form of skateboarding with the 39\u2033 Dolphin model. Making long, drawn out carving turns is where the new 39\u2033 longboard cruiser excels. It has a wide, slightly concave deck which tapers down to a medium rear kicker. This gives you improved control when carving or gliding across steep slopes, and the 50mm wide rubber wheels provide the board with extra stability and superior grip.\" \/>\n<meta property=\"og:url\" content=\"https:\/\/www.smoothstar.com\/pt\/produto\/37\u2033-smoothstar-dolphin-cruiser-longboard-ii-thd-2\/\" \/>\n<meta property=\"og:site_name\" content=\"SmoothStar Europe\" \/>\n<meta property=\"article:publisher\" content=\"https:\/\/www.facebook.com\/smoothstarskate\/\" \/>\n<meta property=\"article:modified_time\" content=\"2026-04-21T14:10:00+00:00\" \/>\n<meta property=\"og:image\" content=\"https:\/\/www.smoothstar.com\/wp-content\/uploads\/2022\/12\/LR_smoothstar_surfskate_surf_trainer_37_Dolphin_Cruiser_complete_all_views.jpg\" \/>\n\t<meta property=\"og:image:width\" content=\"1600\" \/>\n\t<meta property=\"og:image:height\" content=\"1600\" \/>\n\t<meta property=\"og:image:type\" content=\"image\/jpeg\" \/>\n<meta name=\"twitter:card\" content=\"summary_large_image\" \/>\n<script type=\"application\/ld+json\" class=\"yoast-schema-graph\">{\"@context\":\"https:\/\/schema.org\",\"@graph\":[{\"@type\":\"WebPage\",\"@id\":\"https:\/\/www.smoothstar.com\/product\/37%e2%80%b3-smoothstar-dolphin-cruiser-longboard-ii-thd-2\/\",\"url\":\"https:\/\/www.smoothstar.com\/product\/37%e2%80%b3-smoothstar-dolphin-cruiser-longboard-ii-thd-2\/\",\"name\":\"37\u2033 SmoothStar Dolphin Cruiser Longboard II THD | SmoothStar Europe\",\"isPartOf\":{\"@id\":\"https:\/\/www.smoothstar.com\/#website\"},\"primaryImageOfPage\":{\"@id\":\"https:\/\/www.smoothstar.com\/product\/37%e2%80%b3-smoothstar-dolphin-cruiser-longboard-ii-thd-2\/#primaryimage\"},\"image\":{\"@id\":\"https:\/\/www.smoothstar.com\/product\/37%e2%80%b3-smoothstar-dolphin-cruiser-longboard-ii-thd-2\/#primaryimage\"},\"thumbnailUrl\":\"https:\/\/www.smoothstar.com\/wp-content\/uploads\/2022\/12\/LR_smoothstar_surfskate_surf_trainer_37_Dolphin_Cruiser_complete_all_views.jpg\",\"datePublished\":\"2022-12-11T12:31:23+00:00\",\"dateModified\":\"2026-04-21T14:10:00+00:00\",\"breadcrumb\":{\"@id\":\"https:\/\/www.smoothstar.com\/product\/37%e2%80%b3-smoothstar-dolphin-cruiser-longboard-ii-thd-2\/#breadcrumb\"},\"inLanguage\":\"pt-PT\",\"potentialAction\":[{\"@type\":\"ReadAction\",\"target\":[\"https:\/\/www.smoothstar.com\/product\/37%e2%80%b3-smoothstar-dolphin-cruiser-longboard-ii-thd-2\/\"]}]},{\"@type\":\"ImageObject\",\"inLanguage\":\"pt-PT\",\"@id\":\"https:\/\/www.smoothstar.com\/product\/37%e2%80%b3-smoothstar-dolphin-cruiser-longboard-ii-thd-2\/#primaryimage\",\"url\":\"https:\/\/www.smoothstar.com\/wp-content\/uploads\/2022\/12\/LR_smoothstar_surfskate_surf_trainer_37_Dolphin_Cruiser_complete_all_views.jpg\",\"contentUrl\":\"https:\/\/www.smoothstar.com\/wp-content\/uploads\/2022\/12\/LR_smoothstar_surfskate_surf_trainer_37_Dolphin_Cruiser_complete_all_views.jpg\",\"width\":1600,\"height\":1600},{\"@type\":\"BreadcrumbList\",\"@id\":\"https:\/\/www.smoothstar.com\/product\/37%e2%80%b3-smoothstar-dolphin-cruiser-longboard-ii-thd-2\/#breadcrumb\",\"itemListElement\":[{\"@type\":\"ListItem\",\"position\":1,\"name\":\"Home\",\"item\":\"https:\/\/www.smoothstar.com\/\"},{\"@type\":\"ListItem\",\"position\":2,\"name\":\"Shop\",\"item\":\"https:\/\/www.smoothstar.com\/shop\/\"},{\"@type\":\"ListItem\",\"position\":3,\"name\":\"37\u2033 SmoothStar Dolphin Cruiser Longboard II THD\"}]},{\"@type\":\"WebSite\",\"@id\":\"https:\/\/www.smoothstar.com\/#website\",\"url\":\"https:\/\/www.smoothstar.com\/\",\"name\":\"SmoothStar Europe\",\"description\":\"Europe\",\"publisher\":{\"@id\":\"https:\/\/www.smoothstar.com\/#organization\"},\"potentialAction\":[{\"@type\":\"SearchAction\",\"target\":{\"@type\":\"EntryPoint\",\"urlTemplate\":\"https:\/\/www.smoothstar.com\/?s={search_term_string}\"},\"query-input\":{\"@type\":\"PropertyValueSpecification\",\"valueRequired\":true,\"valueName\":\"search_term_string\"}}],\"inLanguage\":\"pt-PT\"},{\"@type\":\"Organization\",\"@id\":\"https:\/\/www.smoothstar.com\/#organization\",\"name\":\"SmoothStar Europe s.r.o.\",\"url\":\"https:\/\/www.smoothstar.com\/\",\"logo\":{\"@type\":\"ImageObject\",\"inLanguage\":\"pt-PT\",\"@id\":\"https:\/\/www.smoothstar.com\/#\/schema\/logo\/image\/\",\"url\":\"https:\/\/www.smoothstar.com\/wp-content\/uploads\/2021\/05\/smoothstar-square-pixel.png\",\"contentUrl\":\"https:\/\/www.smoothstar.com\/wp-content\/uploads\/2021\/05\/smoothstar-square-pixel.png\",\"width\":512,\"height\":512,\"caption\":\"SmoothStar Europe s.r.o.\"},\"image\":{\"@id\":\"https:\/\/www.smoothstar.com\/#\/schema\/logo\/image\/\"},\"sameAs\":[\"https:\/\/www.facebook.com\/smoothstarskate\/\",\"https:\/\/www.instagram.com\/smoothstar\/\",\"https:\/\/www.youtube.com\/channel\/UCVqOqnZWdnEkF75C-27ApnQ\"]}]}<\/script>\n<!-- \/ Yoast SEO plugin. -->","yoast_head_json":{"title":"37\u2033 SmoothStar Dolphin Cruiser Longboard II THD | SmoothStar Europe","robots":{"index":"index","follow":"follow","max-snippet":"max-snippet:-1","max-image-preview":"max-image-preview:large","max-video-preview":"max-video-preview:-1"},"canonical":"https:\/\/www.smoothstar.com\/pt\/produto\/37\u2033-smoothstar-dolphin-cruiser-longboard-ii-thd-2\/","og_locale":"pt_PT","og_type":"article","og_title":"37\u2033 SmoothStar Dolphin Cruiser Longboard II THD | SmoothStar Europe","og_description":"Is this SmoothStar right for me? Do you love to cruise? If so, welcome back to the traditional form of skateboarding with the 39\u2033 Dolphin model. Making long, drawn out carving turns is where the new 39\u2033 longboard cruiser excels. It has a wide, slightly concave deck which tapers down to a medium rear kicker. This gives you improved control when carving or gliding across steep slopes, and the 50mm wide rubber wheels provide the board with extra stability and superior grip.","og_url":"https:\/\/www.smoothstar.com\/pt\/produto\/37\u2033-smoothstar-dolphin-cruiser-longboard-ii-thd-2\/","og_site_name":"SmoothStar Europe","article_publisher":"https:\/\/www.facebook.com\/smoothstarskate\/","article_modified_time":"2026-04-21T14:10:00+00:00","og_image":[{"width":1600,"height":1600,"url":"https:\/\/www.smoothstar.com\/wp-content\/uploads\/2022\/12\/LR_smoothstar_surfskate_surf_trainer_37_Dolphin_Cruiser_complete_all_views.jpg","type":"image\/jpeg"}],"twitter_card":"summary_large_image","schema":{"@context":"https:\/\/schema.org","@graph":[{"@type":"WebPage","@id":"https:\/\/www.smoothstar.com\/product\/37%e2%80%b3-smoothstar-dolphin-cruiser-longboard-ii-thd-2\/","url":"https:\/\/www.smoothstar.com\/product\/37%e2%80%b3-smoothstar-dolphin-cruiser-longboard-ii-thd-2\/","name":"37\u2033 SmoothStar Dolphin Cruiser Longboard II THD | SmoothStar Europe","isPartOf":{"@id":"https:\/\/www.smoothstar.com\/#website"},"primaryImageOfPage":{"@id":"https:\/\/www.smoothstar.com\/product\/37%e2%80%b3-smoothstar-dolphin-cruiser-longboard-ii-thd-2\/#primaryimage"},"image":{"@id":"https:\/\/www.smoothstar.com\/product\/37%e2%80%b3-smoothstar-dolphin-cruiser-longboard-ii-thd-2\/#primaryimage"},"thumbnailUrl":"https:\/\/www.smoothstar.com\/wp-content\/uploads\/2022\/12\/LR_smoothstar_surfskate_surf_trainer_37_Dolphin_Cruiser_complete_all_views.jpg","datePublished":"2022-12-11T12:31:23+00:00","dateModified":"2026-04-21T14:10:00+00:00","breadcrumb":{"@id":"https:\/\/www.smoothstar.com\/product\/37%e2%80%b3-smoothstar-dolphin-cruiser-longboard-ii-thd-2\/#breadcrumb"},"inLanguage":"pt-PT","potentialAction":[{"@type":"ReadAction","target":["https:\/\/www.smoothstar.com\/product\/37%e2%80%b3-smoothstar-dolphin-cruiser-longboard-ii-thd-2\/"]}]},{"@type":"ImageObject","inLanguage":"pt-PT","@id":"https:\/\/www.smoothstar.com\/product\/37%e2%80%b3-smoothstar-dolphin-cruiser-longboard-ii-thd-2\/#primaryimage","url":"https:\/\/www.smoothstar.com\/wp-content\/uploads\/2022\/12\/LR_smoothstar_surfskate_surf_trainer_37_Dolphin_Cruiser_complete_all_views.jpg","contentUrl":"https:\/\/www.smoothstar.com\/wp-content\/uploads\/2022\/12\/LR_smoothstar_surfskate_surf_trainer_37_Dolphin_Cruiser_complete_all_views.jpg","width":1600,"height":1600},{"@type":"BreadcrumbList","@id":"https:\/\/www.smoothstar.com\/product\/37%e2%80%b3-smoothstar-dolphin-cruiser-longboard-ii-thd-2\/#breadcrumb","itemListElement":[{"@type":"ListItem","position":1,"name":"Home","item":"https:\/\/www.smoothstar.com\/"},{"@type":"ListItem","position":2,"name":"Shop","item":"https:\/\/www.smoothstar.com\/shop\/"},{"@type":"ListItem","position":3,"name":"37\u2033 SmoothStar Dolphin Cruiser Longboard II THD"}]},{"@type":"WebSite","@id":"https:\/\/www.smoothstar.com\/#website","url":"https:\/\/www.smoothstar.com\/","name":"SmoothStar Europe","description":"Europe","publisher":{"@id":"https:\/\/www.smoothstar.com\/#organization"},"potentialAction":[{"@type":"SearchAction","target":{"@type":"EntryPoint","urlTemplate":"https:\/\/www.smoothstar.com\/?s={search_term_string}"},"query-input":{"@type":"PropertyValueSpecification","valueRequired":true,"valueName":"search_term_string"}}],"inLanguage":"pt-PT"},{"@type":"Organization","@id":"https:\/\/www.smoothstar.com\/#organization","name":"SmoothStar Europe s.r.o.","url":"https:\/\/www.smoothstar.com\/","logo":{"@type":"ImageObject","inLanguage":"pt-PT","@id":"https:\/\/www.smoothstar.com\/#\/schema\/logo\/image\/","url":"https:\/\/www.smoothstar.com\/wp-content\/uploads\/2021\/05\/smoothstar-square-pixel.png","contentUrl":"https:\/\/www.smoothstar.com\/wp-content\/uploads\/2021\/05\/smoothstar-square-pixel.png","width":512,"height":512,"caption":"SmoothStar Europe s.r.o."},"image":{"@id":"https:\/\/www.smoothstar.com\/#\/schema\/logo\/image\/"},"sameAs":["https:\/\/www.facebook.com\/smoothstarskate\/","https:\/\/www.instagram.com\/smoothstar\/","https:\/\/www.youtube.com\/channel\/UCVqOqnZWdnEkF75C-27ApnQ"]}]}},"_links":{"self":[{"href":"https:\/\/www.smoothstar.com\/pt\/wp-json\/wp\/v2\/product\/20437","targetHints":{"allow":["GET"]}}],"collection":[{"href":"https:\/\/www.smoothstar.com\/pt\/wp-json\/wp\/v2\/product"}],"about":[{"href":"https:\/\/www.smoothstar.com\/pt\/wp-json\/wp\/v2\/types\/product"}],"wp:featuredmedia":[{"embeddable":true,"href":"https:\/\/www.smoothstar.com\/pt\/wp-json\/wp\/v2\/media\/20130"}],"wp:attachment":[{"href":"https:\/\/www.smoothstar.com\/pt\/wp-json\/wp\/v2\/media?parent=20437"}],"wp:term":[{"taxonomy":"product_brand","embeddable":true,"href":"https:\/\/www.smoothstar.com\/pt\/wp-json\/wp\/v2\/product_brand?post=20437"},{"taxonomy":"product_cat","embeddable":true,"href":"https:\/\/www.smoothstar.com\/pt\/wp-json\/wp\/v2\/product_cat?post=20437"},{"taxonomy":"product_tag","embeddable":true,"href":"https:\/\/www.smoothstar.com\/pt\/wp-json\/wp\/v2\/product_tag?post=20437"}],"curies":[{"name":"wp","href":"https:\/\/api.w.org\/{rel}","templated":true}]}}